{"id":281853,"date":"2023-11-02T12:07:07","date_gmt":"2023-11-02T18:07:07","guid":{"rendered":"https:\/\/vuelaalavida.com\/?page_id=281853"},"modified":"2023-11-02T12:29:48","modified_gmt":"2023-11-02T18:29:48","slug":"companeros-expertos","status":"publish","type":"page","link":"https:\/\/vuelaalavida.com\/us\/companeros-expertos\/","title":{"rendered":"COMPA\u00d1EROS EXPERTOS"},"content":{"rendered":"<p>[et_pb_section fb_built=&#8221;1&#8243; admin_label=&#8221;Hero section&#8221; _builder_version=&#8221;4.22.2&#8243; background_image=&#8221;https:\/\/vuelaalavida.com\/wp-content\/uploads\/2023\/11\/real-estate-13-1.jpg&#8221; background_position=&#8221;top_center&#8221; custom_margin=&#8221;|||&#8221; custom_padding=&#8221;10%||14%|&#8221; hover_enabled=&#8221;0&#8243; global_colors_info=&#8221;{}&#8221; theme_builder_area=&#8221;post_content&#8221; sticky_enabled=&#8221;0&#8243;][et_pb_row _builder_version=&#8221;4.16&#8243; custom_margin=&#8221;|||&#8221; global_colors_info=&#8221;{}&#8221; column_structure=&#8221;2_3,1_3&#8243; theme_builder_area=&#8221;post_content&#8221;][et_pb_column type=&#8221;2_3&#8243; _builder_version=&#8221;4.16&#8243; custom_padding=&#8221;1px|||&#8221; global_colors_info=&#8221;{}&#8221; custom_padding__hover=&#8221;|||&#8221; theme_builder_area=&#8221;post_content&#8221;][et_pb_text _builder_version=&#8221;4.22.2&#8243; text_font=&#8221;Lato||||||||&#8221; text_font_size=&#8221;20px&#8221; text_line_height=&#8221;1.8em&#8221; header_font=&#8221;Roboto|900|||||||&#8221; header_font_size=&#8221;54px&#8221; header_letter_spacing=&#8221;2px&#8221; background_layout=&#8221;dark&#8221; animation_style=&#8221;fold&#8221; hover_enabled=&#8221;0&#8243; header_font_size_tablet=&#8221;46px&#8221; header_font_size_phone=&#8221;&#8221; header_font_size_last_edited=&#8221;on|tablet&#8221; global_colors_info=&#8221;{}&#8221; theme_builder_area=&#8221;post_content&#8221; header_text_color=&#8221;#263876&#8243; sticky_enabled=&#8221;0&#8243;]<\/p>\n<h1 class=\"gdlr-core-block-item-title\">\u00a1Compa\u00f1eros expertos de la tribu viajera!<\/h1>\n<h1><\/h1>\n<p>[\/et_pb_text][\/et_pb_column][et_pb_column type=&#8221;1_3&#8243; _builder_version=&#8221;4.16&#8243; custom_padding=&#8221;|||&#8221; global_colors_info=&#8221;{}&#8221; custom_padding__hover=&#8221;|||&#8221; theme_builder_area=&#8221;post_content&#8221;][\/et_pb_column][\/et_pb_row][\/et_pb_section][et_pb_section fb_built=&#8221;1&#8243; admin_label=&#8221;Team&#8221; _builder_version=&#8221;4.16&#8243; custom_margin=&#8221;|||&#8221; custom_padding=&#8221;54px|0px|100px|0px&#8221; global_colors_info=&#8221;{}&#8221; theme_builder_area=&#8221;post_content&#8221;][et_pb_row _builder_version=&#8221;4.16&#8243; background_color=&#8221;#ffffff&#8221; background_size=&#8221;initial&#8221; background_position=&#8221;top_left&#8221; background_repeat=&#8221;repeat&#8221; custom_margin=&#8221;-10%|||&#8221; custom_padding=&#8221;60px|0px|60px|0px&#8221; animation_style=&#8221;slide&#8221; animation_direction=&#8221;bottom&#8221; animation_intensity_slide=&#8221;6%&#8221; animation_starting_opacity=&#8221;100%&#8221; border_radii=&#8221;on|15px|15px|15px|15px&#8221; border_color_all=&#8221;#3c39e6&#8243; border_width_top=&#8221;18px&#8221; box_shadow_style=&#8221;preset3&#8243; box_shadow_vertical=&#8221;39px&#8221; box_shadow_blur=&#8221;80px&#8221; box_shadow_color=&#8221;rgba(0,0,0,0.1)&#8221; custom_width_px=&#8221;1280px&#8221; global_colors_info=&#8221;{}&#8221; column_structure=&#8221;1_2,1_2&#8243; theme_builder_area=&#8221;post_content&#8221;][et_pb_column type=&#8221;1_2&#8243; _builder_version=&#8221;4.16&#8243; custom_padding=&#8221;30px|40px|30px|40px&#8221; global_colors_info=&#8221;{}&#8221; custom_padding__hover=&#8221;|||&#8221; theme_builder_area=&#8221;post_content&#8221;][et_pb_blurb title=&#8221;Natali Espinoza&#8221; image=&#8221;https:\/\/vuelaalavida.com\/wp-content\/uploads\/2020\/11\/IMG_9062.jpg&#8221; icon_placement=&#8221;left&#8221; image_icon_width=&#8221;100px&#8221; image_icon_width_last_edited=&#8221;on|desktop&#8221; _builder_version=&#8221;4.22.2&#8243; header_font=&#8221;Roboto|500|||||||&#8221; body_font=&#8221;Lato|500|||||||&#8221; body_font_size=&#8221;16px&#8221; hover_enabled=&#8221;0&#8243; border_radii_image=&#8221;on|100px|100px|100px|100px&#8221; image_max_width=&#8221;100px&#8221; image_max_width_tablet=&#8221;&#8221; image_max_width_phone=&#8221;&#8221; image_max_width_last_edited=&#8221;on|desktop&#8221; global_colors_info=&#8221;{}&#8221; theme_builder_area=&#8221;post_content&#8221; title_text=&#8221;Natali&#8221; header_level=&#8221;h1&#8243; header_text_color=&#8221;#263876&#8243; header_font_size=&#8221;32px&#8221; sticky_enabled=&#8221;0&#8243; image_icon_width_tablet=&#8221;100px&#8221; image_icon_width_phone=&#8221;100px&#8221;]<\/p>\n<p>Community manager<\/p>\n<p>[\/et_pb_blurb][et_pb_text _builder_version=&#8221;4.22.2&#8243; text_font=&#8221;Lato||||||||&#8221; text_text_color=&#8221;#898f99&#8243; text_font_size=&#8221;16px&#8221; text_line_height=&#8221;1.8em&#8221; header_font=&#8221;Roboto||||||||&#8221; header_2_font=&#8221;Lato||||||||&#8221; header_3_font=&#8221;Lato|700|||||||&#8221; header_3_text_color=&#8221;#4f4f6f&#8221; header_3_font_size=&#8221;36px&#8221; header_3_line_height=&#8221;1.5em&#8221; custom_margin=&#8221;30px|||&#8221; custom_padding=&#8221;30px|||&#8221; hover_enabled=&#8221;0&#8243; border_color_all=&#8221;rgba(51,51,51,0.12)&#8221; border_width_top=&#8221;1px&#8221; global_colors_info=&#8221;{}&#8221; theme_builder_area=&#8221;post_content&#8221; header_font_size=&#8221;20px&#8221; sticky_enabled=&#8221;0&#8243;]<\/p>\n<p><span style=\"color: #000000;\">Desde hace cinco a\u00f1os estoy en el \u00e1rea de Community Manager. <\/span><span style=\"color: #000000;\">Me gusta mucho ir a la playa, soy fan de los atardeceres en el mar; el fr\u00edo y yo no nos llevamos nada bien as\u00ed que prefiero visitar lugares c\u00e1lidos 100%<\/span><\/p>\n<p><span style=\"color: #000000;\">Algo que me encanta hacer en cada viaje es probar platillos locales. \u00a1Es la mejor forma de conocer un lugar!<\/span><\/p>\n<p><span style=\"color: #000000;\">Vuela a la Vida ha sido un gran detonante en mi pasi\u00f3n por los viajes y es algo que quiero compartir con la tribu viajera d\u00e1ndoles consejos y gui\u00e1ndolos en sus aventuras.<\/span><\/p>\n<p>[\/et_pb_text][et_pb_blurb title=&#8221;natali@vuelaalavida.com&#8221; use_icon=&#8221;on&#8221; font_icon=&#8221;&#xe076;||divi||400&#8243; icon_color=&#8221;#3c39e6&#8243; icon_placement=&#8221;left&#8221; image_icon_width=&#8221;18px&#8221; _builder_version=&#8221;4.22.2&#8243; header_font=&#8221;Roboto|700|||||||&#8221; header_font_size=&#8221;15px&#8221; header_letter_spacing=&#8221;1px&#8221; hover_enabled=&#8221;0&#8243; icon_font_size=&#8221;18px&#8221; global_colors_info=&#8221;{}&#8221; theme_builder_area=&#8221;post_content&#8221; sticky_enabled=&#8221;0&#8243;][\/et_pb_blurb][et_pb_social_media_follow _builder_version=&#8221;4.22.2&#8243; custom_margin=&#8221;|||&#8221; custom_margin_tablet=&#8221;|||175px&#8221; custom_margin_phone=&#8221;|||140px&#8221; custom_margin_last_edited=&#8221;off|desktop&#8221; custom_padding=&#8221;|||&#8221; hover_enabled=&#8221;0&#8243; global_colors_info=&#8221;{}&#8221; theme_builder_area=&#8221;post_content&#8221; sticky_enabled=&#8221;0&#8243;][et_pb_social_media_follow_network social_network=&#8221;facebook&#8221; _builder_version=&#8221;4.16&#8243; background_color=&#8221;#d2d6dd&#8221; global_colors_info=&#8221;{}&#8221; theme_builder_area=&#8221;post_content&#8221; follow_button=&#8221;off&#8221; url_new_window=&#8221;on&#8221;]facebook[\/et_pb_social_media_follow_network][et_pb_social_media_follow_network social_network=&#8221;twitter&#8221; _builder_version=&#8221;4.16&#8243; background_color=&#8221;#d2d6dd&#8221; global_colors_info=&#8221;{}&#8221; theme_builder_area=&#8221;post_content&#8221; follow_button=&#8221;off&#8221; url_new_window=&#8221;on&#8221;]twitter[\/et_pb_social_media_follow_network][et_pb_social_media_follow_network social_network=&#8221;instagram&#8221; _builder_version=&#8221;4.16&#8243; background_color=&#8221;#d2d6dd&#8221; global_colors_info=&#8221;{}&#8221; theme_builder_area=&#8221;post_content&#8221; follow_button=&#8221;off&#8221; url_new_window=&#8221;on&#8221;]instagram[\/et_pb_social_media_follow_network][\/et_pb_social_media_follow][\/et_pb_column][et_pb_column type=&#8221;1_2&#8243; _builder_version=&#8221;4.16&#8243; custom_padding=&#8221;30px|40px|30px|40px&#8221; global_colors_info=&#8221;{}&#8221; custom_padding__hover=&#8221;|||&#8221; theme_builder_area=&#8221;post_content&#8221;][et_pb_blurb title=&#8221;Sayuri Guerrero&#8221; image=&#8221;https:\/\/vuelaalavida.com\/wp-content\/uploads\/2022\/01\/IMG_9050.jpg&#8221; icon_placement=&#8221;left&#8221; image_icon_width=&#8221;100px&#8221; image_icon_width_last_edited=&#8221;on|desktop&#8221; _builder_version=&#8221;4.22.2&#8243; header_font=&#8221;Roboto|500|||||||&#8221; body_font=&#8221;Lato|500|||||||&#8221; body_font_size=&#8221;16px&#8221; hover_enabled=&#8221;0&#8243; border_radii_image=&#8221;on|100px|100px|100px|100px&#8221; image_max_width=&#8221;100px&#8221; image_max_width_tablet=&#8221;&#8221; image_max_width_phone=&#8221;&#8221; image_max_width_last_edited=&#8221;on|desktop&#8221; global_colors_info=&#8221;{}&#8221; theme_builder_area=&#8221;post_content&#8221; title_text=&#8221;Sayuri&#8221; header_level=&#8221;h1&#8243; header_text_color=&#8221;#263876&#8243; header_font_size=&#8221;32px&#8221; sticky_enabled=&#8221;0&#8243; image_icon_width_tablet=&#8221;100px&#8221; image_icon_width_phone=&#8221;100px&#8221;]<\/p>\n<p>Community manager<\/p>\n<p>[\/et_pb_blurb][et_pb_text _builder_version=&#8221;4.22.2&#8243; text_font=&#8221;Lato||||||||&#8221; text_text_color=&#8221;#898f99&#8243; text_font_size=&#8221;16px&#8221; text_line_height=&#8221;1.8em&#8221; header_font=&#8221;Roboto||||||||&#8221; header_2_font=&#8221;Lato||||||||&#8221; header_3_font=&#8221;Lato|700|||||||&#8221; header_3_text_color=&#8221;#4f4f6f&#8221; header_3_font_size=&#8221;36px&#8221; header_3_line_height=&#8221;1.5em&#8221; custom_margin=&#8221;30px|||&#8221; custom_padding=&#8221;30px|||&#8221; hover_enabled=&#8221;0&#8243; border_color_all=&#8221;rgba(51,51,51,0.12)&#8221; border_width_top=&#8221;1px&#8221; global_colors_info=&#8221;{}&#8221; theme_builder_area=&#8221;post_content&#8221; header_font_size=&#8221;20px&#8221; sticky_enabled=&#8221;0&#8243;]<\/p>\n<p><span style=\"color: #000000;\">Tengo 22 a\u00f1os y formo parte del \u00e1rea de Social Media, me encargo de ayudar a los vijer@s como t\u00fa a encontrar y cotizar el mejor paquete personalizado para su siguiente aventura. Estudie comunicaci\u00f3n publicitaria y estoy en proceso de terminar mi especialidad, espero que pronto pueda hacer mi primer viaje internacional sola.<\/span><\/p>\n<p><span style=\"color: #000000;\">Lo que m\u00e1s me gusta hacer es nadar en las playas y sentir la paz que te trae el mar. Me encanta hacer amigos en cada lugar que visito y aprender de su cultura, quiero seguir aprendiendo de todo el mundo. Vuela a la vida me ha ense\u00f1ado a abrir mi mente a nuevas oportunidades.<\/span><\/p>\n<p><span style=\"color: #000000;\">\u201cViaja que la vida es corta y el mundo es enorme\u201d<\/span><\/p>\n<p>[\/et_pb_text][et_pb_blurb title=&#8221;sayuri@vuelaalavida.com&#8221; use_icon=&#8221;on&#8221; font_icon=&#8221;&#xe076;||divi||400&#8243; icon_color=&#8221;#3c39e6&#8243; icon_placement=&#8221;left&#8221; image_icon_width=&#8221;18px&#8221; _builder_version=&#8221;4.22.2&#8243; header_font=&#8221;Lato|700|||||||&#8221; header_font_size=&#8221;15px&#8221; header_letter_spacing=&#8221;1px&#8221; hover_enabled=&#8221;0&#8243; icon_font_size=&#8221;18px&#8221; locked=&#8221;off&#8221; global_colors_info=&#8221;{}&#8221; theme_builder_area=&#8221;post_content&#8221; sticky_enabled=&#8221;0&#8243;][\/et_pb_blurb][et_pb_social_media_follow _builder_version=&#8221;4.22.2&#8243; custom_margin=&#8221;|||&#8221; custom_margin_tablet=&#8221;|||175px&#8221; custom_margin_phone=&#8221;|||140px&#8221; custom_margin_last_edited=&#8221;off|desktop&#8221; custom_padding=&#8221;|||&#8221; hover_enabled=&#8221;0&#8243; global_colors_info=&#8221;{}&#8221; theme_builder_area=&#8221;post_content&#8221; sticky_enabled=&#8221;0&#8243;][et_pb_social_media_follow_network social_network=&#8221;facebook&#8221; _builder_version=&#8221;4.16&#8243; background_color=&#8221;#d2d6dd&#8221; global_colors_info=&#8221;{}&#8221; theme_builder_area=&#8221;post_content&#8221; follow_button=&#8221;off&#8221; url_new_window=&#8221;on&#8221;]facebook[\/et_pb_social_media_follow_network][et_pb_social_media_follow_network social_network=&#8221;twitter&#8221; _builder_version=&#8221;4.16&#8243; background_color=&#8221;#d2d6dd&#8221; global_colors_info=&#8221;{}&#8221; theme_builder_area=&#8221;post_content&#8221; follow_button=&#8221;off&#8221; url_new_window=&#8221;on&#8221;]twitter[\/et_pb_social_media_follow_network][et_pb_social_media_follow_network social_network=&#8221;instagram&#8221; _builder_version=&#8221;4.16&#8243; background_color=&#8221;#d2d6dd&#8221; global_colors_info=&#8221;{}&#8221; theme_builder_area=&#8221;post_content&#8221; follow_button=&#8221;off&#8221; url_new_window=&#8221;on&#8221;]instagram[\/et_pb_social_media_follow_network][\/et_pb_social_media_follow][\/et_pb_column][\/et_pb_row][et_pb_row _builder_version=&#8221;4.16&#8243; background_color=&#8221;#ffffff&#8221; background_size=&#8221;initial&#8221; background_position=&#8221;top_left&#8221; background_repeat=&#8221;repeat&#8221; custom_margin=&#8221;60px|||&#8221; custom_padding=&#8221;60px|0px|60px|0px&#8221; animation_style=&#8221;slide&#8221; animation_direction=&#8221;bottom&#8221; animation_intensity_slide=&#8221;6%&#8221; animation_starting_opacity=&#8221;100%&#8221; border_radii=&#8221;on|15px|15px|15px|15px&#8221; box_shadow_style=&#8221;preset3&#8243; box_shadow_vertical=&#8221;39px&#8221; box_shadow_blur=&#8221;80px&#8221; box_shadow_color=&#8221;rgba(0,0,0,0.1)&#8221; custom_width_px=&#8221;1280px&#8221; global_colors_info=&#8221;{}&#8221; column_structure=&#8221;1_2,1_2&#8243; theme_builder_area=&#8221;post_content&#8221;][et_pb_column type=&#8221;1_2&#8243; _builder_version=&#8221;4.16&#8243; custom_padding=&#8221;30px|40px|30px|40px&#8221; global_colors_info=&#8221;{}&#8221; custom_padding__hover=&#8221;|||&#8221; theme_builder_area=&#8221;post_content&#8221;][et_pb_blurb title=&#8221;Daniela &#8221; image=&#8221;https:\/\/vuelaalavida.com\/wp-content\/uploads\/2020\/11\/IMG_9062.jpg&#8221; icon_placement=&#8221;left&#8221; image_icon_width=&#8221;100px&#8221; image_icon_width_last_edited=&#8221;on|desktop&#8221; _builder_version=&#8221;4.22.2&#8243; header_font=&#8221;Roboto|500|||||||&#8221; body_font=&#8221;Lato|500|||||||&#8221; body_font_size=&#8221;16px&#8221; hover_enabled=&#8221;0&#8243; border_radii_image=&#8221;on|100px|100px|100px|100px&#8221; image_max_width=&#8221;100px&#8221; image_max_width_tablet=&#8221;&#8221; image_max_width_phone=&#8221;&#8221; image_max_width_last_edited=&#8221;on|desktop&#8221; global_colors_info=&#8221;{}&#8221; theme_builder_area=&#8221;post_content&#8221; title_text=&#8221;Natali&#8221; header_level=&#8221;h1&#8243; header_text_color=&#8221;#263876&#8243; header_font_size=&#8221;32px&#8221; sticky_enabled=&#8221;0&#8243; image_icon_width_tablet=&#8221;100px&#8221; image_icon_width_phone=&#8221;100px&#8221;]<\/p>\n<p>Recursos humanos<\/p>\n<p>[\/et_pb_blurb][et_pb_text _builder_version=&#8221;4.22.2&#8243; text_font=&#8221;Lato||||||||&#8221; text_text_color=&#8221;#898f99&#8243; text_font_size=&#8221;16px&#8221; text_line_height=&#8221;1.8em&#8221; header_font=&#8221;Roboto||||||||&#8221; header_2_font=&#8221;Lato||||||||&#8221; header_3_font=&#8221;Lato|700|||||||&#8221; header_3_text_color=&#8221;#4f4f6f&#8221; header_3_font_size=&#8221;36px&#8221; header_3_line_height=&#8221;1.5em&#8221; custom_margin=&#8221;30px|||&#8221; custom_padding=&#8221;30px|||&#8221; hover_enabled=&#8221;0&#8243; border_color_all=&#8221;rgba(51,51,51,0.12)&#8221; border_width_top=&#8221;1px&#8221; global_colors_info=&#8221;{}&#8221; theme_builder_area=&#8221;post_content&#8221; header_font_size=&#8221;20px&#8221; sticky_enabled=&#8221;0&#8243;]<\/p>\n<p><span style=\"color: #000000;\">Me apasiona conocer cada rinconcito de nuestro pa\u00eds y descubrir la riqueza gastron\u00f3mica que nos puede ofrecer, soy una amante de la cultura mexicana, su diversidad, riqueza natural y de lo grandioso que puede ser nuestro pa\u00eds.<\/span><br \/><span style=\"color: #000000;\">\u00a1En Vuela soy la encargada de cuidar a todos por aqu\u00ed, para que ellos a su vez cuiden de todos ustedes! <\/span><\/p>\n<p><span style=\"color: #000000;\">\u00a1As\u00ed que perm\u00edtannos cuidar de ustedes al cumplir uno de sus sue\u00f1os, que es viajar!<\/span><\/p>\n<p><span style=\"color: #000000;\">Recuerden que, como dijo Hans Christian Andersen, \u201cViajar es Vivir\u201d.<\/span><\/p>\n<p>[\/et_pb_text][et_pb_blurb title=&#8221;daniela@vuelaalavida.com&#8221; use_icon=&#8221;on&#8221; font_icon=&#8221;&#xe076;||divi||400&#8243; icon_color=&#8221;#3c39e6&#8243; icon_placement=&#8221;left&#8221; image_icon_width=&#8221;18px&#8221; _builder_version=&#8221;4.22.2&#8243; header_font=&#8221;Lato|700|||||||&#8221; header_font_size=&#8221;15px&#8221; header_letter_spacing=&#8221;1px&#8221; hover_enabled=&#8221;0&#8243; icon_font_size=&#8221;18px&#8221; global_colors_info=&#8221;{}&#8221; theme_builder_area=&#8221;post_content&#8221; sticky_enabled=&#8221;0&#8243;][\/et_pb_blurb][et_pb_social_media_follow _builder_version=&#8221;4.22.2&#8243; custom_margin=&#8221;|||&#8221; custom_margin_tablet=&#8221;|||175px&#8221; custom_margin_phone=&#8221;|||140px&#8221; custom_margin_last_edited=&#8221;off|desktop&#8221; custom_padding=&#8221;|||&#8221; hover_enabled=&#8221;0&#8243; global_colors_info=&#8221;{}&#8221; theme_builder_area=&#8221;post_content&#8221; sticky_enabled=&#8221;0&#8243;][et_pb_social_media_follow_network social_network=&#8221;facebook&#8221; _builder_version=&#8221;4.16&#8243; background_color=&#8221;#d2d6dd&#8221; global_colors_info=&#8221;{}&#8221; theme_builder_area=&#8221;post_content&#8221; follow_button=&#8221;off&#8221; url_new_window=&#8221;on&#8221;]facebook[\/et_pb_social_media_follow_network][et_pb_social_media_follow_network social_network=&#8221;twitter&#8221; _builder_version=&#8221;4.16&#8243; background_color=&#8221;#d2d6dd&#8221; global_colors_info=&#8221;{}&#8221; theme_builder_area=&#8221;post_content&#8221; follow_button=&#8221;off&#8221; url_new_window=&#8221;on&#8221;]twitter[\/et_pb_social_media_follow_network][et_pb_social_media_follow_network social_network=&#8221;instagram&#8221; _builder_version=&#8221;4.16&#8243; background_color=&#8221;#d2d6dd&#8221; global_colors_info=&#8221;{}&#8221; theme_builder_area=&#8221;post_content&#8221; follow_button=&#8221;off&#8221; url_new_window=&#8221;on&#8221;]instagram[\/et_pb_social_media_follow_network][\/et_pb_social_media_follow][\/et_pb_column][et_pb_column type=&#8221;1_2&#8243; _builder_version=&#8221;4.16&#8243; custom_padding=&#8221;30px|40px|30px|40px&#8221; global_colors_info=&#8221;{}&#8221; custom_padding__hover=&#8221;|||&#8221; theme_builder_area=&#8221;post_content&#8221;][et_pb_blurb title=&#8221;Osiris&#8221; image=&#8221;https:\/\/vuelaalavida.com\/wp-content\/uploads\/2020\/11\/IMG_8391.jpg&#8221; icon_placement=&#8221;left&#8221; image_icon_width=&#8221;100px&#8221; image_icon_width_last_edited=&#8221;on|desktop&#8221; _builder_version=&#8221;4.22.2&#8243; header_font=&#8221;Roboto|500|||||||&#8221; body_font=&#8221;Lato|500|||||||&#8221; body_font_size=&#8221;16px&#8221; hover_enabled=&#8221;0&#8243; border_radii_image=&#8221;on|100px|100px|100px|100px&#8221; image_max_width=&#8221;100px&#8221; image_max_width_tablet=&#8221;&#8221; image_max_width_phone=&#8221;&#8221; image_max_width_last_edited=&#8221;on|desktop&#8221; global_colors_info=&#8221;{}&#8221; theme_builder_area=&#8221;post_content&#8221; title_text=&#8221;Osiris&#8221; header_level=&#8221;h1&#8243; header_text_color=&#8221;#263876&#8243; header_font_size=&#8221;32px&#8221; sticky_enabled=&#8221;0&#8243; image_icon_width_tablet=&#8221;100px&#8221; image_icon_width_phone=&#8221;100px&#8221;]<\/p>\n<p>L\u00edder de ofertas<\/p>\n<p>[\/et_pb_blurb][et_pb_text _builder_version=&#8221;4.22.2&#8243; text_font=&#8221;Lato||||||||&#8221; text_text_color=&#8221;#898f99&#8243; text_font_size=&#8221;16px&#8221; text_line_height=&#8221;1.8em&#8221; header_font=&#8221;||||||||&#8221; header_2_font=&#8221;Lato||||||||&#8221; header_3_font=&#8221;Lato|700|||||||&#8221; header_3_text_color=&#8221;#4f4f6f&#8221; header_3_font_size=&#8221;36px&#8221; header_3_line_height=&#8221;1.5em&#8221; custom_margin=&#8221;30px|||&#8221; custom_padding=&#8221;30px|||&#8221; hover_enabled=&#8221;0&#8243; border_color_all=&#8221;rgba(51,51,51,0.12)&#8221; border_width_top=&#8221;1px&#8221; global_colors_info=&#8221;{}&#8221; theme_builder_area=&#8221;post_content&#8221; sticky_enabled=&#8221;0&#8243;]<\/p>\n<p><span style=\"color: #000000;\">Me considero una persona que se esfuerza por cumplir sus metas y persigue sus sue\u00f1os. Siempre he disfrutado viajar a la playa, hacer roadtrip y disfrutarlos con mi familia y amigos. Cada nuevo lugar que he conocido es un regalo y siempre se queda guardado en mi memoria y en mi coraz\u00f3n.<\/span><\/p>\n<p><span style=\"color: #000000;\">Cada viaje es una historia nueva llena de recuerdos y de conocer nuevas personas. Me encanta so\u00f1ar y disfrutar cada d\u00eda al m\u00e1ximo. Recorrer el mundo es un privilegio que quiero hacer realidad. Amo y disfruto conocer nuevos lugares y la belleza que esta detr\u00e1s de ellos.<\/span><\/p>\n<p>[\/et_pb_text][et_pb_blurb title=&#8221;ofertas@vuelaalavida.com&#8221; use_icon=&#8221;on&#8221; font_icon=&#8221;&#xe076;||divi||400&#8243; icon_color=&#8221;#3c39e6&#8243; icon_placement=&#8221;left&#8221; image_icon_width=&#8221;18px&#8221; _builder_version=&#8221;4.22.2&#8243; header_font=&#8221;Lato|700|||||||&#8221; header_font_size=&#8221;15px&#8221; header_letter_spacing=&#8221;1px&#8221; hover_enabled=&#8221;0&#8243; icon_font_size=&#8221;18px&#8221; locked=&#8221;off&#8221; global_colors_info=&#8221;{}&#8221; theme_builder_area=&#8221;post_content&#8221; sticky_enabled=&#8221;0&#8243;][\/et_pb_blurb][et_pb_social_media_follow _builder_version=&#8221;4.22.2&#8243; custom_margin=&#8221;|||&#8221; custom_margin_tablet=&#8221;|||175px&#8221; custom_margin_phone=&#8221;|||140px&#8221; custom_margin_last_edited=&#8221;off|desktop&#8221; custom_padding=&#8221;|||&#8221; hover_enabled=&#8221;0&#8243; global_colors_info=&#8221;{}&#8221; theme_builder_area=&#8221;post_content&#8221; sticky_enabled=&#8221;0&#8243;][et_pb_social_media_follow_network social_network=&#8221;facebook&#8221; _builder_version=&#8221;4.16&#8243; background_color=&#8221;#d2d6dd&#8221; global_colors_info=&#8221;{}&#8221; theme_builder_area=&#8221;post_content&#8221; follow_button=&#8221;off&#8221; url_new_window=&#8221;on&#8221;]facebook[\/et_pb_social_media_follow_network][et_pb_social_media_follow_network social_network=&#8221;twitter&#8221; _builder_version=&#8221;4.16&#8243; background_color=&#8221;#d2d6dd&#8221; global_colors_info=&#8221;{}&#8221; theme_builder_area=&#8221;post_content&#8221; follow_button=&#8221;off&#8221; url_new_window=&#8221;on&#8221;]twitter[\/et_pb_social_media_follow_network][et_pb_social_media_follow_network social_network=&#8221;instagram&#8221; _builder_version=&#8221;4.16&#8243; background_color=&#8221;#d2d6dd&#8221; global_colors_info=&#8221;{}&#8221; theme_builder_area=&#8221;post_content&#8221; follow_button=&#8221;off&#8221; url_new_window=&#8221;on&#8221;]instagram[\/et_pb_social_media_follow_network][\/et_pb_social_media_follow][\/et_pb_column][\/et_pb_row][\/et_pb_section]<\/p>\n","protected":false},"excerpt":{"rendered":"<p>\u00a1Compa\u00f1eros expertos de la tribu viajera! Community managerDesde hace cinco a\u00f1os estoy en el \u00e1rea de Community Manager. Me gusta mucho ir a la playa, soy fan de los atardeceres en el mar; el fr\u00edo y yo no nos llevamos nada bien as\u00ed que prefiero visitar lugares c\u00e1lidos 100% Algo que me encanta hacer en [&hellip;]<\/p>\n","protected":false},"author":3026,"featured_media":0,"parent":0,"menu_order":0,"comment_status":"closed","ping_status":"closed","template":"","meta":{"_acf_changed":false,"_et_pb_use_builder":"on","_et_pb_old_content":"","_et_gb_content_width":"","inline_featured_image":false,"footnotes":""},"difl_page_category":[],"class_list":["post-281853","page","type-page","status-publish","hentry"],"acf":[],"publishpress_future_action":{"enabled":false,"date":"2026-05-20 11:01:09","action":"change-status","newStatus":"draft","terms":[],"taxonomy":"difl_page_category","extraData":[]},"publishpress_future_workflow_manual_trigger":{"enabledWorkflows":[]},"_links":{"self":[{"href":"https:\/\/vuelaalavida.com\/us\/wp-json\/wp\/v2\/pages\/281853","targetHints":{"allow":["GET"]}}],"collection":[{"href":"https:\/\/vuelaalavida.com\/us\/wp-json\/wp\/v2\/pages"}],"about":[{"href":"https:\/\/vuelaalavida.com\/us\/wp-json\/wp\/v2\/types\/page"}],"author":[{"embeddable":true,"href":"https:\/\/vuelaalavida.com\/us\/wp-json\/wp\/v2\/users\/3026"}],"replies":[{"embeddable":true,"href":"https:\/\/vuelaalavida.com\/us\/wp-json\/wp\/v2\/comments?post=281853"}],"version-history":[{"count":0,"href":"https:\/\/vuelaalavida.com\/us\/wp-json\/wp\/v2\/pages\/281853\/revisions"}],"wp:attachment":[{"href":"https:\/\/vuelaalavida.com\/us\/wp-json\/wp\/v2\/media?parent=281853"}],"wp:term":[{"taxonomy":"difl_page_category","embeddable":true,"href":"https:\/\/vuelaalavida.com\/us\/wp-json\/wp\/v2\/difl_page_category?post=281853"}],"curies":[{"name":"wp","href":"https:\/\/api.w.org\/{rel}","templated":true}]}}