{"id":281652,"date":"2023-11-01T17:45:20","date_gmt":"2023-11-01T23:45:20","guid":{"rendered":"https:\/\/vuelaalavida.com\/?page_id=281652"},"modified":"2023-12-06T17:43:47","modified_gmt":"2023-12-06T23:43:47","slug":"nuestros-proveedores","status":"publish","type":"page","link":"https:\/\/vuelaalavida.com\/us\/nuestros-proveedores\/","title":{"rendered":"NUESTROS PROVEEDORES"},"content":{"rendered":"<p>[et_pb_section fb_built=&#8221;1&#8243; admin_label=&#8221;Header&#8221; _builder_version=&#8221;4.22.0&#8243; _module_preset=&#8221;default&#8221; custom_padding=&#8221;||0px||false|false&#8221; collapsed=&#8221;on&#8221; global_colors_info=&#8221;{}&#8221;][et_pb_row _builder_version=&#8221;4.22.0&#8243; _module_preset=&#8221;default&#8221; global_colors_info=&#8221;{}&#8221;][et_pb_column type=&#8221;4_4&#8243; _builder_version=&#8221;4.22.0&#8243; _module_preset=&#8221;default&#8221; global_colors_info=&#8221;{}&#8221;][et_pb_text _builder_version=&#8221;4.22.2&#8243; _module_preset=&#8221;e661c135-3a3b-46f2-9123-571085151a5c&#8221; header_font=&#8221;Roboto|900|||||||&#8221; header_text_color=&#8221;#263876&#8243; header_font_size=&#8221;54px&#8221; text_orientation=&#8221;center&#8221; global_colors_info=&#8221;{}&#8221;]<\/p>\n<h1>NUESTROS PROVEEDORES<\/h1>\n<p>[\/et_pb_text][et_pb_text _builder_version=&#8221;4.22.2&#8243; _module_preset=&#8221;e661c135-3a3b-46f2-9123-571085151a5c&#8221; header_font=&#8221;Roboto|900|||||||&#8221; header_text_color=&#8221;#263876&#8243; header_font_size=&#8221;20px&#8221; text_orientation=&#8221;center&#8221; global_colors_info=&#8221;{}&#8221;]<\/p>\n<p>Como lo mencionamos antes, Vuela a la Vida es una p\u00e1gina informativa, las compras las hacen directamente con el proveedor de la oferta al seguir los botones desde nuestra p\u00e1gina.<\/p>\n<p>\u00a1Recuerda! Siempre te mandaremos a un sitio seguro donde realizar\u00e1s la reserva de tu pr\u00f3xima aventura. Trabajamos directamente con:<\/p>\n<p>[\/et_pb_text][\/et_pb_column][\/et_pb_row][\/et_pb_section][et_pb_section fb_built=&#8221;1&#8243; admin_label=&#8221;Featured Products&#8221; _builder_version=&#8221;4.22.0&#8243; _module_preset=&#8221;default&#8221; saved_tabs=&#8221;all&#8221; collapsed=&#8221;on&#8221; global_colors_info=&#8221;{}&#8221;][et_pb_row column_structure=&#8221;3_5,2_5&#8243; make_equal=&#8221;on&#8221; custom_padding_last_edited=&#8221;on|desktop&#8221; _builder_version=&#8221;4.22.2&#8243; _module_preset=&#8221;default&#8221; max_width=&#8221;1440px&#8221; custom_padding_tablet=&#8221;||0px||false|false&#8221; custom_padding_phone=&#8221;||0px||false|false&#8221; global_colors_info=&#8221;{}&#8221;][et_pb_column type=&#8221;3_5&#8243; _builder_version=&#8221;4.22.2&#8243; _module_preset=&#8221;default&#8221; background_image=&#8221;https:\/\/vuelaalavida.com\/wp-content\/uploads\/2023\/10\/1280px-Despegar.com_logo.svg-300&#215;87-1.png&#8221; background_size=&#8221;initial&#8221; custom_padding=&#8221;80px|60px|80px|60px|true|true&#8221; custom_padding_tablet=&#8221;30px|30px|30px|30px|true|true&#8221; custom_padding_phone=&#8221;20px|20px|20px|20px|true|true&#8221; custom_padding_last_edited=&#8221;on|desktop&#8221; animation_style=&#8221;fade&#8221; link_option_url=&#8221;https:\/\/vuelaalavida.com\/?providers=despegar-vuelaalavida&#8221; border_radii=&#8221;on|15px|15px|15px|15px&#8221; global_colors_info=&#8221;{}&#8221; background__hover_enabled=&#8221;on|hover&#8221; background_color_gradient_stops__hover=&#8221;rgba(0,0,0,0.6) 0%|rgba(0,0,0,0.6) 99%&#8221; use_background_color_gradient__hover=&#8221;on&#8221;][\/et_pb_column][et_pb_column type=&#8221;2_5&#8243; _builder_version=&#8221;4.22.2&#8243; _module_preset=&#8221;default&#8221; background_image=&#8221;https:\/\/vuelaalavida.com\/wp-content\/uploads\/2022\/11\/brand-primary.png&#8221; background_size=&#8221;initial&#8221; custom_padding=&#8221;80px|60px|80px|60px|true|true&#8221; custom_padding_tablet=&#8221;30px|30px|30px|30px|true|true&#8221; custom_padding_phone=&#8221;20px|20px|20px|20px|true|true&#8221; custom_padding_last_edited=&#8221;on|desktop&#8221; animation_style=&#8221;fade&#8221; link_option_url=&#8221;https:\/\/vuelaalavida.com\/?providers=viajeslili&#8221; border_radii=&#8221;on|15px|15px|15px|15px&#8221; global_colors_info=&#8221;{}&#8221; background__hover_enabled=&#8221;on|desktop&#8221; background_color_gradient_stops__hover=&#8221;rgba(0,0,0,0.6) 0%|rgba(0,0,0,0.6) 100%&#8221; use_background_color_gradient__hover=&#8221;on&#8221;][\/et_pb_column][\/et_pb_row][et_pb_row column_structure=&#8221;2_5,3_5&#8243; make_equal=&#8221;on&#8221; _builder_version=&#8221;4.22.2&#8243; _module_preset=&#8221;default&#8221; max_width=&#8221;1440px&#8221; global_colors_info=&#8221;{}&#8221;][et_pb_column type=&#8221;2_5&#8243; _builder_version=&#8221;4.22.2&#8243; _module_preset=&#8221;default&#8221; background_image=&#8221;https:\/\/vuelaalavida.com\/wp-content\/uploads\/2023\/11\/Logo-Menu-Escritorio-sinfondo2.2.png&#8221; background_size=&#8221;contain&#8221; custom_padding=&#8221;60px|60px|60px|60px|true|true&#8221; custom_padding_tablet=&#8221;30px|30px|30px|30px|true|true&#8221; custom_padding_phone=&#8221;20px|20px|20px|20px|true|true&#8221; custom_padding_last_edited=&#8221;on|desktop&#8221; animation_style=&#8221;fade&#8221; link_option_url=&#8221;https:\/\/vuelaalavida.com\/?providers=pricetravel-vuelaalavida&#8221; border_radii=&#8221;on|15px|15px|15px|15px&#8221; global_colors_info=&#8221;{}&#8221; background__hover_enabled=&#8221;on|desktop&#8221; background_color_gradient_stops__hover=&#8221;rgba(0,0,0,0.6) 0%|rgba(0,0,0,0.6) 100%&#8221; use_background_color_gradient__hover=&#8221;on&#8221;][\/et_pb_column][et_pb_column type=&#8221;3_5&#8243; _builder_version=&#8221;4.22.2&#8243; _module_preset=&#8221;default&#8221; background_image=&#8221;https:\/\/vuelaalavida.com\/wp-content\/uploads\/2023\/10\/xcaret-c.png&#8221; background_size=&#8221;initial&#8221; custom_padding=&#8221;60px|60px|60px|60px|true|true&#8221; custom_padding_tablet=&#8221;30px|30px|30px|30px|true|true&#8221; custom_padding_phone=&#8221;20px|20px|20px|20px|true|true&#8221; custom_padding_last_edited=&#8221;on|desktop&#8221; animation_style=&#8221;fade&#8221; link_option_url=&#8221;https:\/\/vuelaalavida.com\/?providers=xcaret&#8221; border_radii=&#8221;on|15px|15px|15px|15px&#8221; global_colors_info=&#8221;{}&#8221; background__hover_enabled=&#8221;on|desktop&#8221; background_color_gradient_stops__hover=&#8221;rgba(0,0,0,0.6) 0%|rgba(0,0,0,0.6) 100%&#8221; use_background_color_gradient__hover=&#8221;on&#8221;][\/et_pb_column][\/et_pb_row][et_pb_row column_structure=&#8221;3_5,2_5&#8243; make_equal=&#8221;on&#8221; custom_padding_last_edited=&#8221;on|desktop&#8221; _builder_version=&#8221;4.22.2&#8243; _module_preset=&#8221;default&#8221; max_width=&#8221;1440px&#8221; custom_padding_tablet=&#8221;||0px||false|false&#8221; custom_padding_phone=&#8221;||0px||false|false&#8221; global_colors_info=&#8221;{}&#8221;][et_pb_column type=&#8221;3_5&#8243; _builder_version=&#8221;4.22.2&#8243; _module_preset=&#8221;default&#8221; background_image=&#8221;https:\/\/vuelaalavida.com\/wp-content\/uploads\/2023\/06\/Paquetes-A-La-Vida-Color-Transparente.webp&#8221; background_size=&#8221;initial&#8221; custom_padding=&#8221;80px|60px|80px|60px|true|true&#8221; custom_padding_tablet=&#8221;30px|30px|30px|30px|true|true&#8221; custom_padding_phone=&#8221;20px|20px|20px|20px|true|true&#8221; custom_padding_last_edited=&#8221;on|desktop&#8221; animation_style=&#8221;fade&#8221; link_option_url=&#8221;https:\/\/vuelaalavida.com\/?providers=paquetesalavida&#8221; border_radii=&#8221;on|15px|15px|15px|15px&#8221; global_colors_info=&#8221;{}&#8221; background__hover_enabled=&#8221;on|hover&#8221; background_color_gradient_stops__hover=&#8221;rgba(0,0,0,0.6) 0%|rgba(0,0,0,0.6) 99%&#8221; use_background_color_gradient__hover=&#8221;on&#8221;][\/et_pb_column][et_pb_column type=&#8221;2_5&#8243; _builder_version=&#8221;4.22.2&#8243; _module_preset=&#8221;default&#8221; background_image=&#8221;https:\/\/vuelaalavida.com\/wp-content\/uploads\/2023\/11\/17401dea-3eb7-4709-8c2e-01d3d75e66de.png&#8221; background_size=&#8221;contain&#8221; custom_padding=&#8221;80px|60px|80px|60px|true|true&#8221; custom_padding_tablet=&#8221;30px|30px|30px|30px|true|true&#8221; custom_padding_phone=&#8221;20px|20px|20px|20px|true|true&#8221; custom_padding_last_edited=&#8221;on|desktop&#8221; animation_style=&#8221;fade&#8221; link_option_url=&#8221;https:\/\/vuelaalavida.com\/?providers=isyvac&#8221; border_radii=&#8221;on|15px|15px|15px|15px&#8221; global_colors_info=&#8221;{}&#8221; background__hover_enabled=&#8221;on|desktop&#8221; background_color_gradient_stops__hover=&#8221;rgba(0,0,0,0.6) 0%|rgba(0,0,0,0.6) 100%&#8221; use_background_color_gradient__hover=&#8221;on&#8221;][\/et_pb_column][\/et_pb_row][et_pb_row column_structure=&#8221;2_5,3_5&#8243; make_equal=&#8221;on&#8221; _builder_version=&#8221;4.22.2&#8243; _module_preset=&#8221;default&#8221; max_width=&#8221;1440px&#8221; global_colors_info=&#8221;{}&#8221;][et_pb_column type=&#8221;2_5&#8243; _builder_version=&#8221;4.22.2&#8243; _module_preset=&#8221;default&#8221; background_image=&#8221;https:\/\/vuelaalavida.com\/wp-content\/uploads\/2021\/08\/Logo-Kayak.png&#8221; background_size=&#8221;custom&#8221; background_image_width=&#8221;68%&#8221; custom_padding=&#8221;60px|60px|60px|60px|true|true&#8221; custom_padding_tablet=&#8221;30px|30px|30px|30px|true|true&#8221; custom_padding_phone=&#8221;20px|20px|20px|20px|true|true&#8221; custom_padding_last_edited=&#8221;on|desktop&#8221; animation_style=&#8221;fade&#8221; link_option_url=&#8221;https:\/\/vuelaalavida.com\/?providers=kayak&#8221; border_radii=&#8221;on|15px|15px|15px|15px&#8221; global_colors_info=&#8221;{}&#8221; background__hover_enabled=&#8221;on|desktop&#8221; background_color_gradient_stops__hover=&#8221;rgba(0,0,0,0.6) 0%|rgba(0,0,0,0.6) 100%&#8221; use_background_color_gradient__hover=&#8221;on&#8221;][\/et_pb_column][et_pb_column type=&#8221;3_5&#8243; _builder_version=&#8221;4.22.2&#8243; _module_preset=&#8221;default&#8221; background_image=&#8221;https:\/\/vuelaalavida.com\/wp-content\/uploads\/2022\/01\/Travelium-logo-blog-valv.png&#8221; background_size=&#8221;custom&#8221; background_image_width=&#8221;51%&#8221; custom_padding=&#8221;60px|60px|60px|60px|true|true&#8221; custom_padding_tablet=&#8221;30px|30px|30px|30px|true|true&#8221; custom_padding_phone=&#8221;20px|20px|20px|20px|true|true&#8221; custom_padding_last_edited=&#8221;on|desktop&#8221; animation_style=&#8221;fade&#8221; link_option_url=&#8221;https:\/\/vuelaalavida.com\/?providers=travelium&#8221; border_radii=&#8221;on|15px|15px|15px|15px&#8221; global_colors_info=&#8221;{}&#8221; background__hover_enabled=&#8221;on|desktop&#8221; background_color_gradient_stops__hover=&#8221;rgba(0,0,0,0.6) 0%|rgba(0,0,0,0.6) 100%&#8221; use_background_color_gradient__hover=&#8221;on&#8221;][\/et_pb_column][\/et_pb_row][et_pb_row column_structure=&#8221;3_5,2_5&#8243; make_equal=&#8221;on&#8221; custom_padding_last_edited=&#8221;on|desktop&#8221; _builder_version=&#8221;4.22.2&#8243; _module_preset=&#8221;default&#8221; max_width=&#8221;1440px&#8221; custom_padding_tablet=&#8221;||0px||false|false&#8221; custom_padding_phone=&#8221;||0px||false|false&#8221; global_colors_info=&#8221;{}&#8221;][et_pb_column type=&#8221;3_5&#8243; _builder_version=&#8221;4.22.2&#8243; _module_preset=&#8221;default&#8221; background_image=&#8221;https:\/\/vuelaalavida.com\/wp-content\/uploads\/2021\/08\/Logo-Skyscanner.png&#8221; background_size=&#8221;contain&#8221; custom_padding=&#8221;80px|60px|80px|60px|true|true&#8221; custom_padding_tablet=&#8221;30px|30px|30px|30px|true|true&#8221; custom_padding_phone=&#8221;20px|20px|20px|20px|true|true&#8221; custom_padding_last_edited=&#8221;on|desktop&#8221; animation_style=&#8221;fade&#8221; link_option_url=&#8221;https:\/\/vuelaalavida.com\/?providers=skyscanner&#8221; border_radii=&#8221;on|15px|15px|15px|15px&#8221; global_colors_info=&#8221;{}&#8221; background__hover_enabled=&#8221;on|hover&#8221; background_color_gradient_stops__hover=&#8221;rgba(0,0,0,0.6) 0%|rgba(0,0,0,0.6) 99%&#8221; use_background_color_gradient__hover=&#8221;on&#8221;][\/et_pb_column][et_pb_column type=&#8221;2_5&#8243; _builder_version=&#8221;4.22.2&#8243; _module_preset=&#8221;default&#8221; background_image=&#8221;https:\/\/vuelaalavida.com\/wp-content\/uploads\/2023\/11\/e7b2910a-0ae1-4ae3-bb14-5672bdaf386f.png&#8221; background_size=&#8221;custom&#8221; background_image_width=&#8221;68%&#8221; custom_padding=&#8221;80px|60px|80px|60px|true|true&#8221; custom_padding_tablet=&#8221;30px|30px|30px|30px|true|true&#8221; custom_padding_phone=&#8221;20px|20px|20px|20px|true|true&#8221; custom_padding_last_edited=&#8221;on|desktop&#8221; animation_style=&#8221;fade&#8221; link_option_url=&#8221;https:\/\/vuelaalavida.com\/?providers=localadeventure&#8221; border_radii=&#8221;on|15px|15px|15px|15px&#8221; global_colors_info=&#8221;{}&#8221; background__hover_enabled=&#8221;on|desktop&#8221; background_color_gradient_stops__hover=&#8221;rgba(0,0,0,0.6) 0%|rgba(0,0,0,0.6) 100%&#8221; use_background_color_gradient__hover=&#8221;on&#8221;][\/et_pb_column][\/et_pb_row][et_pb_row column_structure=&#8221;2_5,3_5&#8243; make_equal=&#8221;on&#8221; _builder_version=&#8221;4.23.1&#8243; _module_preset=&#8221;default&#8221; background_size=&#8221;contain&#8221; max_width=&#8221;1440px&#8221; global_colors_info=&#8221;{}&#8221;][et_pb_column type=&#8221;2_5&#8243; _builder_version=&#8221;4.22.2&#8243; _module_preset=&#8221;default&#8221; background_image=&#8221;https:\/\/vuelaalavida.com\/wp-content\/uploads\/2023\/10\/Viva-Aerobus-Logotipo.png&#8221; background_size=&#8221;custom&#8221; background_image_width=&#8221;56%&#8221; custom_padding=&#8221;60px|60px|60px|60px|true|true&#8221; custom_padding_tablet=&#8221;30px|30px|30px|30px|true|true&#8221; custom_padding_phone=&#8221;20px|20px|20px|20px|true|true&#8221; custom_padding_last_edited=&#8221;on|desktop&#8221; animation_style=&#8221;fade&#8221; link_option_url=&#8221;https:\/\/vuelaalavida.com\/?providers=vivaaerobus&#8221; hover_enabled=&#8221;0&#8243; border_radii=&#8221;on|15px|15px|15px|15px&#8221; global_colors_info=&#8221;{}&#8221; background__hover_enabled=&#8221;on|desktop&#8221; background_color_gradient_stops__hover=&#8221;rgba(0,0,0,0.6) 0%|rgba(0,0,0,0.6) 100%&#8221; use_background_color_gradient__hover=&#8221;on&#8221; sticky_enabled=&#8221;0&#8243;][\/et_pb_column][et_pb_column type=&#8221;3_5&#8243; _builder_version=&#8221;4.23.1&#8243; _module_preset=&#8221;default&#8221; background_image=&#8221;https:\/\/vuelaalavida.com\/wp-content\/uploads\/2023\/11\/2bc12f79-af8b-4d48-8f94-5bee9cfee305.png&#8221; background_size=&#8221;custom&#8221; background_image_width=&#8221;32%&#8221; custom_padding=&#8221;60px|60px|60px|60px|true|true&#8221; custom_padding_tablet=&#8221;30px|30px|30px|30px|true|true&#8221; custom_padding_phone=&#8221;20px|20px|20px|20px|true|true&#8221; custom_padding_last_edited=&#8221;on|desktop&#8221; animation_style=&#8221;fade&#8221; link_option_url=&#8221;https:\/\/vuelaalavida.com\/?providers=toursalavida&#8221; border_radii=&#8221;on|15px|15px|15px|15px&#8221; global_colors_info=&#8221;{}&#8221; background__hover_enabled=&#8221;on|desktop&#8221; background_color_gradient_stops__hover=&#8221;rgba(0,0,0,0.6) 0%|rgba(0,0,0,0.6) 100%&#8221; use_background_color_gradient__hover=&#8221;on&#8221;][\/et_pb_column][\/et_pb_row][et_pb_row column_structure=&#8221;1_2,1_2&#8243; make_equal=&#8221;on&#8221; _builder_version=&#8221;4.23.1&#8243; _module_preset=&#8221;default&#8221; background_size=&#8221;contain&#8221; max_width=&#8221;1440px&#8221; animation_style=&#8221;fade&#8221; link_option_url=&#8221;https:\/\/vuelaalavida.com\/?providers=trotamundos&#8221; hover_enabled=&#8221;0&#8243; global_colors_info=&#8221;{}&#8221; sticky_enabled=&#8221;0&#8243;][et_pb_column type=&#8221;1_2&#8243; _builder_version=&#8221;4.23.1&#8243; _module_preset=&#8221;default&#8221; background_image=&#8221;https:\/\/vuelaalavida.com\/wp-content\/uploads\/2023\/11\/905921b3-2d97-40e3-adfb-4a5c8018f94d.png&#8221; background_size=&#8221;custom&#8221; background_image_width=&#8221;27%&#8221; custom_padding=&#8221;60px|60px|60px|60px|true|true&#8221; custom_padding_tablet=&#8221;30px|30px|30px|30px|true|true&#8221; custom_padding_phone=&#8221;20px|20px|20px|20px|true|true&#8221; custom_padding_last_edited=&#8221;on|desktop&#8221; animation_style=&#8221;fade&#8221; link_option_url=&#8221;https:\/\/vuelaalavida.com\/?providers=chihuahua_magico&#8221; hover_enabled=&#8221;0&#8243; border_radii=&#8221;on|15px|15px|15px|15px&#8221; global_colors_info=&#8221;{}&#8221; background__hover_enabled=&#8221;on|desktop&#8221; background_color_gradient_stops__hover=&#8221;rgba(0,0,0,0.6) 0%|rgba(0,0,0,0.6) 100%&#8221; use_background_color_gradient__hover=&#8221;on&#8221; sticky_enabled=&#8221;0&#8243;][\/et_pb_column][et_pb_column type=&#8221;1_2&#8243; _builder_version=&#8221;4.23.1&#8243; _module_preset=&#8221;default&#8221; background_image=&#8221;https:\/\/vuelaalavida.com\/wp-content\/uploads\/2023\/11\/trotamundos.png&#8221; background_size=&#8221;custom&#8221; background_image_width=&#8221;17%&#8221; custom_padding=&#8221;60px|60px|60px|60px|true|true&#8221; custom_padding_tablet=&#8221;30px|30px|30px|30px|true|true&#8221; custom_padding_phone=&#8221;20px|20px|20px|20px|true|true&#8221; custom_padding_last_edited=&#8221;on|desktop&#8221; animation_style=&#8221;fade&#8221; link_option_url=&#8221;https:\/\/vuelaalavida.com\/?providers=trotamundos&#8221; hover_enabled=&#8221;0&#8243; border_radii=&#8221;on|15px|15px|15px|15px&#8221; global_colors_info=&#8221;{}&#8221; background__hover_enabled=&#8221;on|desktop&#8221; background_color_gradient_stops__hover=&#8221;rgba(0,0,0,0.6) 0%|rgba(0,0,0,0.6) 100%&#8221; use_background_color_gradient__hover=&#8221;on&#8221; sticky_enabled=&#8221;0&#8243;][\/et_pb_column][\/et_pb_row][et_pb_row column_structure=&#8221;1_2,1_2&#8243; make_equal=&#8221;on&#8221; _builder_version=&#8221;4.23.1&#8243; _module_preset=&#8221;default&#8221; background_size=&#8221;contain&#8221; max_width=&#8221;1440px&#8221; animation_style=&#8221;fade&#8221; link_option_url=&#8221;https:\/\/vuelaalavida.com\/?providers=trotamundos&#8221; hover_enabled=&#8221;0&#8243; global_colors_info=&#8221;{}&#8221; sticky_enabled=&#8221;0&#8243;][et_pb_column type=&#8221;1_2&#8243; _builder_version=&#8221;4.23.1&#8243; _module_preset=&#8221;default&#8221; background_image=&#8221;https:\/\/vuelaalavida.com\/wp-content\/uploads\/2023\/06\/best-day-descarga.png&#8221; background_size=&#8221;custom&#8221; background_image_width=&#8221;27%&#8221; custom_padding=&#8221;60px|60px|60px|60px|true|true&#8221; custom_padding_tablet=&#8221;30px|30px|30px|30px|true|true&#8221; custom_padding_phone=&#8221;20px|20px|20px|20px|true|true&#8221; custom_padding_last_edited=&#8221;on|desktop&#8221; animation_style=&#8221;fade&#8221; link_option_url=&#8221;https:\/\/vuelaalavida.com\/?providers=best-day&#8221; hover_enabled=&#8221;0&#8243; border_radii=&#8221;on|15px|15px|15px|15px&#8221; global_colors_info=&#8221;{}&#8221; background__hover_enabled=&#8221;on|desktop&#8221; background_color_gradient_stops__hover=&#8221;rgba(0,0,0,0.6) 0%|rgba(0,0,0,0.6) 100%&#8221; use_background_color_gradient__hover=&#8221;on&#8221; sticky_enabled=&#8221;0&#8243; title_text=&#8221;Best Day Descarga&#8221;][\/et_pb_column][et_pb_column _builder_version=&#8221;4.23.1&#8243; _module_preset=&#8221;default&#8221; type=&#8221;1_2&#8243; link_option_url=&#8221;https:\/\/www.facebook.com\/vuelaalavida\/&#8221; hover_enabled=&#8221;0&#8243; sticky_enabled=&#8221;0&#8243;][\/et_pb_column][\/et_pb_row][\/et_pb_section][et_pb_section fb_built=&#8221;1&#8243; admin_label=&#8221;Subscribe&#8221; _builder_version=&#8221;4.22.0&#8243; _module_preset=&#8221;default&#8221; saved_tabs=&#8221;all&#8221; collapsed=&#8221;on&#8221; global_colors_info=&#8221;{}&#8221;][et_pb_row _builder_version=&#8221;4.22.0&#8243; _module_preset=&#8221;default&#8221; max_width=&#8221;700px&#8221; global_colors_info=&#8221;{}&#8221;][et_pb_column type=&#8221;4_4&#8243; _builder_version=&#8221;4.22.0&#8243; _module_preset=&#8221;default&#8221; global_colors_info=&#8221;{}&#8221;][et_pb_text _builder_version=&#8221;4.22.2&#8243; _module_preset=&#8221;0e88fedb-04a1-4007-ab97-a15f917b850e&#8221; text_font=&#8221;Roboto|900|||||||&#8221; text_font_size=&#8221;1px&#8221; text_line_height=&#8221;1em&#8221; header_font=&#8221;Roboto|900|||||||&#8221; header_text_color=&#8221;#263876&#8243; header_font_size=&#8221;54px&#8221; text_orientation=&#8221;center&#8221; custom_margin=&#8221;||10px||false|false&#8221; global_colors_info=&#8221;{}&#8221;]<\/p>\n<h1 style=\"text-align: center;\">Recibe m\u00e1s tips en nuestro bolet\u00edn<\/h1>\n<p>[\/et_pb_text][et_pb_signup mailchimp_list=&#8221;undefined|elegantthemestest|1ea2bbd026&#8243; first_name_field=&#8221;off&#8221; last_name_field=&#8221;off&#8221; button_text=&#8221;Suscribanse&#8221; _builder_version=&#8221;4.22.2&#8243; _module_preset=&#8221;fe24e786-e917-4997-a187-ef0d91ec7991&#8243; header_font=&#8221;Roboto||||||||&#8221; header_font_size=&#8221;20px&#8221; header_line_height=&#8221;1em&#8221; button_font=&#8221;Roboto|600|||||||&#8221; border_radii=&#8221;on|15px|15px|15px|15px&#8221; locked=&#8221;off&#8221; global_colors_info=&#8221;{}&#8221;][\/et_pb_signup][\/et_pb_column][\/et_pb_row][\/et_pb_section][et_pb_section fb_built=&#8221;1&#8243; admin_label=&#8221;Footer Copyright&#8221; _builder_version=&#8221;4.22.0&#8243; _module_preset=&#8221;default&#8221; background_color=&#8221;#000000&#8243; custom_padding=&#8221;0px||0px||true|false&#8221; collapsed=&#8221;on&#8221; global_colors_info=&#8221;{}&#8221;][et_pb_row _builder_version=&#8221;4.22.0&#8243; _module_preset=&#8221;default&#8221; global_colors_info=&#8221;{}&#8221;][et_pb_column type=&#8221;4_4&#8243; _builder_version=&#8221;4.22.0&#8243; _module_preset=&#8221;default&#8221; global_colors_info=&#8221;{}&#8221;][et_pb_text _builder_version=&#8221;4.22.0&#8243; _dynamic_attributes=&#8221;content&#8221; _module_preset=&#8221;f3e8fe21-9d29-401e-97d4-fc24c8ac98ca&#8221; text_orientation=&#8221;center&#8221; global_colors_info=&#8221;{}&#8221;]@ET-DC@eyJkeW5hbWljIjp0cnVlLCJjb250ZW50IjoiY3VycmVudF9kYXRlIiwic2V0dGluZ3MiOnsiYmVmb3JlIjoiQ29weXJpZ2h0ICZjb3B5OyAiLCJhZnRlciI6IiBEaXZpLiBBbGwgUmlnaHRzIFJlc2VydmVkLiIsImRhdGVfZm9ybWF0IjoiY3VzdG9tIiwiY3VzdG9tX2RhdGVfZm9ybWF0IjoiWSJ9fQ==@[\/et_pb_text][\/et_pb_column][\/et_pb_row][\/et_pb_section]<\/p>\n","protected":false},"excerpt":{"rendered":"<p>NUESTROS PROVEEDORESComo lo mencionamos antes, Vuela a la Vida es una p\u00e1gina informativa, las compras las hacen directamente con el proveedor de la oferta al seguir los botones desde nuestra p\u00e1gina. \u00a1Recuerda! Siempre te mandaremos a un sitio seguro donde realizar\u00e1s la reserva de tu pr\u00f3xima aventura. Trabajamos directamente con:Recibe m\u00e1s tips en nuestro bolet\u00edn<\/p>\n","protected":false},"author":3026,"featured_media":0,"parent":0,"menu_order":0,"comment_status":"closed","ping_status":"closed","template":"","meta":{"_acf_changed":false,"_et_pb_use_builder":"on","_et_pb_old_content":"","_et_gb_content_width":"","inline_featured_image":false,"footnotes":""},"difl_page_category":[],"class_list":["post-281652","page","type-page","status-publish","hentry"],"acf":[],"publishpress_future_action":{"enabled":false,"date":"2026-05-20 11:04:19","action":"change-status","newStatus":"draft","terms":[],"taxonomy":"difl_page_category","extraData":[]},"publishpress_future_workflow_manual_trigger":{"enabledWorkflows":[]},"_links":{"self":[{"href":"https:\/\/vuelaalavida.com\/us\/wp-json\/wp\/v2\/pages\/281652","targetHints":{"allow":["GET"]}}],"collection":[{"href":"https:\/\/vuelaalavida.com\/us\/wp-json\/wp\/v2\/pages"}],"about":[{"href":"https:\/\/vuelaalavida.com\/us\/wp-json\/wp\/v2\/types\/page"}],"author":[{"embeddable":true,"href":"https:\/\/vuelaalavida.com\/us\/wp-json\/wp\/v2\/users\/3026"}],"replies":[{"embeddable":true,"href":"https:\/\/vuelaalavida.com\/us\/wp-json\/wp\/v2\/comments?post=281652"}],"version-history":[{"count":0,"href":"https:\/\/vuelaalavida.com\/us\/wp-json\/wp\/v2\/pages\/281652\/revisions"}],"wp:attachment":[{"href":"https:\/\/vuelaalavida.com\/us\/wp-json\/wp\/v2\/media?parent=281652"}],"wp:term":[{"taxonomy":"difl_page_category","embeddable":true,"href":"https:\/\/vuelaalavida.com\/us\/wp-json\/wp\/v2\/difl_page_category?post=281652"}],"curies":[{"name":"wp","href":"https:\/\/api.w.org\/{rel}","templated":true}]}}