{"id":281605,"date":"2023-11-01T16:25:13","date_gmt":"2023-11-01T22:25:13","guid":{"rendered":"https:\/\/vuelaalavida.com\/?page_id=281605"},"modified":"2023-11-01T16:36:27","modified_gmt":"2023-11-01T22:36:27","slug":"281605-2","status":"publish","type":"page","link":"https:\/\/vuelaalavida.com\/us\/281605-2\/","title":{"rendered":"Alertas Push"},"content":{"rendered":"\n[et_pb_section fb_built=&#8221;1&#8243; _builder_version=&#8221;4.22.2&#8243; _module_preset=&#8221;default&#8221; global_colors_info=&#8221;{}&#8221; theme_builder_area=&#8221;post_content&#8221;][et_pb_row _builder_version=&#8221;4.22.2&#8243; _module_preset=&#8221;default&#8221; custom_margin=&#8221;-66px|auto||auto||&#8221; global_colors_info=&#8221;{}&#8221; theme_builder_area=&#8221;post_content&#8221;][et_pb_column type=&#8221;4_4&#8243; _builder_version=&#8221;4.22.2&#8243; _module_preset=&#8221;default&#8221; global_colors_info=&#8221;{}&#8221; theme_builder_area=&#8221;post_content&#8221;][et_pb_heading title=&#8221;Notificaciones Push&#8221; _builder_version=&#8221;4.22.2&#8243; _module_preset=&#8221;default&#8221; title_font=&#8221;|700|||||||&#8221; title_text_align=&#8221;center&#8221; title_text_color=&#8221;#253777&#8243; title_font_size=&#8221;32px&#8221; global_colors_info=&#8221;{}&#8221; theme_builder_area=&#8221;post_content&#8221;][\/et_pb_heading][\/et_pb_column][\/et_pb_row][et_pb_row _builder_version=&#8221;4.22.2&#8243; _module_preset=&#8221;default&#8221; global_colors_info=&#8221;{}&#8221; theme_builder_area=&#8221;post_content&#8221;][et_pb_column type=&#8221;4_4&#8243; _builder_version=&#8221;4.22.2&#8243; _module_preset=&#8221;default&#8221; global_colors_info=&#8221;{}&#8221; theme_builder_area=&#8221;post_content&#8221;][et_pb_heading title=&#8221;S\u00ed est\u00e1s suscrito en todos nuestros canales, recibir\u00e1s nuestras notificaciones push. A trav\u00e9s de ellas, te avisamos cada que publiquemos una oferta de manera inmediata y en tiempo real \u00a1directo a tu celular! \ud83d\ude09\r\rFunciona con Android y Windows Computadoras (Firefox, Chrome). Lamentablemente no funciona con sistema operativo IOS pero s\u00ed en Safari.&#8221; _builder_version=&#8221;4.22.2&#8243; _module_preset=&#8221;default&#8221; title_font=&#8221;|300|||||||&#8221; title_text_align=&#8221;justify&#8221; title_font_size=&#8221;20px&#8221; title_line_height=&#8221;1.6em&#8221; global_colors_info=&#8221;{}&#8221; theme_builder_area=&#8221;post_content&#8221;][\/et_pb_heading][et_pb_image src=&#8221;https:\/\/vuelaalavida.com\/wp-content\/uploads\/2023\/10\/Diseno-sin-titulo-30.png&#8221; title_text=&#8221;Dise\u00f1o sin t\u00edtulo (30)&#8221; _builder_version=&#8221;4.22.2&#8243; _module_preset=&#8221;default&#8221; width=&#8221;64%&#8221; module_alignment=&#8221;center&#8221; custom_margin=&#8221;||42px|||&#8221; global_colors_info=&#8221;{}&#8221; theme_builder_area=&#8221;post_content&#8221;][\/et_pb_image][et_pb_heading title=&#8221;\u00a1Nuestras mejores ofertas te llegar\u00e1n con esta opci\u00f3n en el momento que las publicamos! As\u00ed estar\u00e1s entre los primeros para ver ofertas imperdibles.&#8221; _builder_version=&#8221;4.22.2&#8243; _module_preset=&#8221;default&#8221; title_font=&#8221;||||||||&#8221; title_text_align=&#8221;justify&#8221; title_font_size=&#8221;20px&#8221; title_line_height=&#8221;1.6em&#8221; min_height=&#8221;53px&#8221; global_colors_info=&#8221;{}&#8221; theme_builder_area=&#8221;post_content&#8221;][\/et_pb_heading][\/et_pb_column][\/et_pb_row][\/et_pb_section]\n","protected":false},"excerpt":{"rendered":"","protected":false},"author":4,"featured_media":0,"parent":0,"menu_order":0,"comment_status":"closed","ping_status":"closed","template":"","meta":{"_acf_changed":false,"_et_pb_use_builder":"on","_et_pb_old_content":"","_et_gb_content_width":"","inline_featured_image":false,"footnotes":""},"difl_page_category":[],"class_list":["post-281605","page","type-page","status-publish","hentry"],"acf":[],"publishpress_future_action":{"enabled":false,"date":"2026-05-20 10:55:30","action":"change-status","newStatus":"draft","terms":[],"taxonomy":"difl_page_category","extraData":[]},"publishpress_future_workflow_manual_trigger":{"enabledWorkflows":[]},"_links":{"self":[{"href":"https:\/\/vuelaalavida.com\/us\/wp-json\/wp\/v2\/pages\/281605","targetHints":{"allow":["GET"]}}],"collection":[{"href":"https:\/\/vuelaalavida.com\/us\/wp-json\/wp\/v2\/pages"}],"about":[{"href":"https:\/\/vuelaalavida.com\/us\/wp-json\/wp\/v2\/types\/page"}],"author":[{"embeddable":true,"href":"https:\/\/vuelaalavida.com\/us\/wp-json\/wp\/v2\/users\/4"}],"replies":[{"embeddable":true,"href":"https:\/\/vuelaalavida.com\/us\/wp-json\/wp\/v2\/comments?post=281605"}],"version-history":[{"count":0,"href":"https:\/\/vuelaalavida.com\/us\/wp-json\/wp\/v2\/pages\/281605\/revisions"}],"wp:attachment":[{"href":"https:\/\/vuelaalavida.com\/us\/wp-json\/wp\/v2\/media?parent=281605"}],"wp:term":[{"taxonomy":"difl_page_category","embeddable":true,"href":"https:\/\/vuelaalavida.com\/us\/wp-json\/wp\/v2\/difl_page_category?post=281605"}],"curies":[{"name":"wp","href":"https:\/\/api.w.org\/{rel}","templated":true}]}}