{"id":281599,"date":"2023-11-01T16:18:58","date_gmt":"2023-11-01T22:18:58","guid":{"rendered":"https:\/\/vuelaalavida.com\/?page_id=281599"},"modified":"2023-12-29T00:40:10","modified_gmt":"2023-12-29T00:40:10","slug":"boletin","status":"publish","type":"page","link":"https:\/\/vuelaalavida.com\/us\/boletin\/","title":{"rendered":"Boletin"},"content":{"rendered":"<p>[et_pb_section fb_built=&#8221;1&#8243; _builder_version=&#8221;4.22.2&#8243; _module_preset=&#8221;default&#8221; custom_margin=&#8221;-38px|||||&#8221; custom_padding=&#8221;0px|||||&#8221; global_colors_info=&#8221;{}&#8221;][et_pb_row _builder_version=&#8221;4.22.2&#8243; _module_preset=&#8221;default&#8221; global_colors_info=&#8221;{}&#8221;][et_pb_column type=&#8221;4_4&#8243; _builder_version=&#8221;4.22.2&#8243; _module_preset=&#8221;default&#8221; global_colors_info=&#8221;{}&#8221;][et_pb_heading title=&#8221;Bolet\u00edn&#8221; _builder_version=&#8221;4.22.2&#8243; _module_preset=&#8221;default&#8221; title_font=&#8221;|700|||||||&#8221; title_text_align=&#8221;center&#8221; title_text_color=&#8221;#253777&#8243; title_font_size=&#8221;32px&#8221; custom_padding=&#8221;34px|||||&#8221; global_colors_info=&#8221;{}&#8221;][\/et_pb_heading][et_pb_image src=&#8221;https:\/\/vuelaalavida.com\/wp-content\/uploads\/2023\/10\/Diseno-sin-titulo-29.png&#8221; title_text=&#8221;Dise\u00f1o sin t\u00edtulo (29)&#8221; url=&#8221;https:\/\/stats.sender.net\/forms\/dJj0Pd\/view&#8221; _builder_version=&#8221;4.22.2&#8243; _module_preset=&#8221;default&#8221; global_colors_info=&#8221;{}&#8221;][\/et_pb_image][\/et_pb_column][\/et_pb_row][et_pb_row _builder_version=&#8221;4.22.2&#8243; _module_preset=&#8221;default&#8221; global_colors_info=&#8221;{}&#8221;][et_pb_column type=&#8221;4_4&#8243; _builder_version=&#8221;4.22.2&#8243; _module_preset=&#8221;default&#8221; global_colors_info=&#8221;{}&#8221;][et_pb_heading title=&#8221;\u00a1Nuestro bolet\u00edn ha ido mejorando a\u00f1o con a\u00f1o! Ahora recibes de tres a cuatro correos electr\u00f3nicos a la semana con las ofertas. Tambi\u00e9n te damos la opci\u00f3n de recibir noticias de \u00faltimo minuto como tarifas de errores u otras tarifas imperdibles, o bien recibir s\u00f3lo ofertas desde tu ciudad, y otros vuelos m\u00e1s que tambi\u00e9n pueden interesarte. Esta es la opci\u00f3n m\u00e1s completa y personalizada, para que no pierdas ninguna oferta que publicamos.&#8221; _builder_version=&#8221;4.22.2&#8243; _module_preset=&#8221;default&#8221; title_level=&#8221;h6&#8243; title_font=&#8221;|300|||||||&#8221; title_text_align=&#8221;justify&#8221; title_font_size=&#8221;20px&#8221; title_line_height=&#8221;1.6em&#8221; global_colors_info=&#8221;{}&#8221;][\/et_pb_heading][et_pb_heading title=&#8221;\u00a1Te la haremos llegar las ofertas top por medio de nuestro bolet\u00edn!&#8221; _builder_version=&#8221;4.22.2&#8243; _module_preset=&#8221;default&#8221; title_level=&#8221;h6&#8243; title_font=&#8221;|300|||||||&#8221; title_text_align=&#8221;justify&#8221; title_font_size=&#8221;20px&#8221; title_line_height=&#8221;1.6em&#8221; global_colors_info=&#8221;{}&#8221;][\/et_pb_heading][\/et_pb_column][\/et_pb_row][et_pb_row _builder_version=&#8221;4.22.2&#8243; _module_preset=&#8221;default&#8221; global_colors_info=&#8221;{}&#8221;][et_pb_column type=&#8221;4_4&#8243; _builder_version=&#8221;4.22.2&#8243; _module_preset=&#8221;default&#8221; global_colors_info=&#8221;{}&#8221;][et_pb_button button_url=&#8221;https:\/\/stats.sender.net\/forms\/dJj0Pd\/view&#8221; button_text=&#8221;Registrate aqu\u00ed&#8221; button_alignment=&#8221;center&#8221; _builder_version=&#8221;4.22.2&#8243; _module_preset=&#8221;default&#8221; custom_button=&#8221;on&#8221; button_text_color=&#8221;#FF9900&#8243; button_bg_color=&#8221;RGBA(255,255,255,0)&#8221; button_border_color=&#8221;#FF9900&#8243; button_icon=&#8221;&#xf0e0;||fa||400&#8243; button_icon_placement=&#8221;left&#8221; button_on_hover=&#8221;off&#8221; global_colors_info=&#8221;{}&#8221;][\/et_pb_button][et_pb_heading title=&#8221;Para cambiar la ciudad de despegue o recibir ofertas de \u00faltimo minuto, confirma tu correo electr\u00f3nico y llegas a esta p\u00e1gina donde puedes modificar tus preferencias. Si ya recibes el bolet\u00edn, encuentras un link abajo en cada bolet\u00edn para modificar tus preferencias.&#8221; _builder_version=&#8221;4.22.2&#8243; _module_preset=&#8221;default&#8221; title_level=&#8221;h6&#8243; title_font=&#8221;|300|||||||&#8221; title_text_align=&#8221;justify&#8221; title_font_size=&#8221;20px&#8221; title_line_height=&#8221;1.6em&#8221; custom_padding=&#8221;31px|||||&#8221; global_colors_info=&#8221;{}&#8221;][\/et_pb_heading][\/et_pb_column][\/et_pb_row][\/et_pb_section]<\/p>\n","protected":false},"excerpt":{"rendered":"","protected":false},"author":4,"featured_media":0,"parent":0,"menu_order":0,"comment_status":"closed","ping_status":"closed","template":"","meta":{"_acf_changed":false,"_et_pb_use_builder":"on","_et_pb_old_content":"","_et_gb_content_width":"","inline_featured_image":false,"footnotes":""},"difl_page_category":[],"class_list":["post-281599","page","type-page","status-publish","hentry"],"acf":[],"publishpress_future_action":{"enabled":false,"date":"2026-05-20 11:01:24","action":"change-status","newStatus":"draft","terms":[],"taxonomy":"difl_page_category","extraData":[]},"publishpress_future_workflow_manual_trigger":{"enabledWorkflows":[]},"_links":{"self":[{"href":"https:\/\/vuelaalavida.com\/us\/wp-json\/wp\/v2\/pages\/281599","targetHints":{"allow":["GET"]}}],"collection":[{"href":"https:\/\/vuelaalavida.com\/us\/wp-json\/wp\/v2\/pages"}],"about":[{"href":"https:\/\/vuelaalavida.com\/us\/wp-json\/wp\/v2\/types\/page"}],"author":[{"embeddable":true,"href":"https:\/\/vuelaalavida.com\/us\/wp-json\/wp\/v2\/users\/4"}],"replies":[{"embeddable":true,"href":"https:\/\/vuelaalavida.com\/us\/wp-json\/wp\/v2\/comments?post=281599"}],"version-history":[{"count":1,"href":"https:\/\/vuelaalavida.com\/us\/wp-json\/wp\/v2\/pages\/281599\/revisions"}],"predecessor-version":[{"id":286202,"href":"https:\/\/vuelaalavida.com\/us\/wp-json\/wp\/v2\/pages\/281599\/revisions\/286202"}],"wp:attachment":[{"href":"https:\/\/vuelaalavida.com\/us\/wp-json\/wp\/v2\/media?parent=281599"}],"wp:term":[{"taxonomy":"difl_page_category","embeddable":true,"href":"https:\/\/vuelaalavida.com\/us\/wp-json\/wp\/v2\/difl_page_category?post=281599"}],"curies":[{"name":"wp","href":"https:\/\/api.w.org\/{rel}","templated":true}]}}