{"id":281124,"date":"2023-10-31T13:40:41","date_gmt":"2023-10-31T19:40:41","guid":{"rendered":"https:\/\/vuelaalavida.com\/?page_id=281124"},"modified":"2023-11-17T17:11:23","modified_gmt":"2023-11-17T23:11:23","slug":"quienes-somos","status":"publish","type":"page","link":"https:\/\/vuelaalavida.com\/us\/quienes-somos\/","title":{"rendered":"\u00bfQui\u00e9nes somos?"},"content":{"rendered":"<p>[et_pb_section fb_built=&#8221;1&#8243; admin_label=&#8221;Header&#8221; _builder_version=&#8221;4.22.2&#8243; _module_preset=&#8221;default&#8221; background_color=&#8221;#F6F6F6&#8243; background_enable_image=&#8221;off&#8221; collapsed=&#8221;on&#8221; global_colors_info=&#8221;{}&#8221;][et_pb_row column_structure=&#8221;2_5,3_5&#8243; _builder_version=&#8221;4.22.0&#8243; _module_preset=&#8221;default&#8221; global_colors_info=&#8221;{}&#8221;][et_pb_column type=&#8221;2_5&#8243; _builder_version=&#8221;4.22.0&#8243; _module_preset=&#8221;default&#8221; global_colors_info=&#8221;{}&#8221;][et_pb_image src=&#8221;https:\/\/vuelaalavida.com\/wp-content\/uploads\/2023\/10\/Vuela-equipo.png&#8221; title_text=&#8221;Vuela-equipo&#8221; _builder_version=&#8221;4.23.1&#8243; _module_preset=&#8221;default&#8221; max_height_tablet=&#8221;200px&#8221; max_height_phone=&#8221;200px&#8221; max_height_last_edited=&#8221;on|tablet&#8221; custom_margin=&#8221;|||-20%|false|false&#8221; custom_margin_tablet=&#8221;|||0%|false|false&#8221; custom_margin_phone=&#8221;|||0%|false|false&#8221; custom_margin_last_edited=&#8221;on|tablet&#8221; hover_enabled=&#8221;0&#8243; global_colors_info=&#8221;{}&#8221; sticky_enabled=&#8221;0&#8243;][\/et_pb_image][\/et_pb_column][et_pb_column type=&#8221;3_5&#8243; _builder_version=&#8221;4.22.0&#8243; _module_preset=&#8221;default&#8221; custom_padding=&#8221;60px||60px||true|false&#8221; custom_padding_tablet=&#8221;0px||0px||true|false&#8221; custom_padding_phone=&#8221;0px||0px||true|false&#8221; custom_padding_last_edited=&#8221;on|desktop&#8221; global_colors_info=&#8221;{}&#8221;][et_pb_text _builder_version=&#8221;4.22.2&#8243; _module_preset=&#8221;998c25db-2581-4237-8a32-be1f23af8431&#8243; text_font=&#8221;Roboto|900|||||||&#8221; text_text_color=&#8221;#263876&#8243; text_font_size=&#8221;51px&#8221; text_line_height=&#8221;1em&#8221; header_font=&#8221;Roboto|900|||||||&#8221; header_text_color=&#8221;#263876&#8243; header_font_size=&#8221;53px&#8221; global_colors_info=&#8221;{}&#8221;]<\/p>\n<p>\u00bfQui\u00e9nes somos?<\/p>\n<p>[\/et_pb_text][et_pb_text _builder_version=&#8221;4.22.2&#8243; _module_preset=&#8221;default&#8221; text_font=&#8221;Roboto||||||||&#8221; text_text_color=&#8221;#189cd9&#8243; header_3_font=&#8221;Roboto||||||||&#8221; header_3_text_color=&#8221;#189cd9&#8243; header_3_font_size=&#8221;18px&#8221; global_colors_info=&#8221;{}&#8221;]<\/p>\n<h3>En Vuela a la Vida somos expertos en encontrar las mejores ofertas de viaje, para que t\u00fa compres al mejor precio. En este blog te platicamos m\u00e1s de nosotros.<\/h3>\n<p>[\/et_pb_text][et_pb_button button_url=&#8221;https:\/\/vuelaalavida.com\/que-es-vuela-a-la-vida-2\/&#8221; url_new_window=&#8221;on&#8221; button_text=&#8221;\u00a1M\u00e1s info!&#8221; _builder_version=&#8221;4.22.2&#8243; _module_preset=&#8221;dd78824f-d5b6-43b6-8a16-800c92b2b7fd&#8221; button_text_size=&#8221;19px&#8221; button_text_color=&#8221;#253777&#8243; button_bg_color=&#8221;RGBA(255,255,255,0)&#8221; button_font=&#8221;Roboto|900|||||||&#8221; global_colors_info=&#8221;{}&#8221;][\/et_pb_button][\/et_pb_column][\/et_pb_row][\/et_pb_section][et_pb_section fb_built=&#8221;1&#8243; admin_label=&#8221;Products&#8221; _builder_version=&#8221;4.22.0&#8243; _module_preset=&#8221;default&#8221; collapsed=&#8221;on&#8221; global_colors_info=&#8221;{}&#8221;][et_pb_row column_structure=&#8221;1_3,1_3,1_3&#8243; _builder_version=&#8221;4.22.0&#8243; _module_preset=&#8221;default&#8221; global_colors_info=&#8221;{}&#8221;][et_pb_column type=&#8221;1_3&#8243; _builder_version=&#8221;4.22.0&#8243; _module_preset=&#8221;default&#8221; global_colors_info=&#8221;{}&#8221;][et_pb_image src=&#8221;https:\/\/vuelaalavida.com\/wp-content\/uploads\/2023\/10\/Machu-Picchu-Peru.jpg&#8221; title_text=&#8221;Machu Picchu, Per\u00fa&#8221; url=&#8221;https:\/\/vuelaalavida.com\/companeros-expertos\/&#8221; url_new_window=&#8221;on&#8221; _builder_version=&#8221;4.23.1&#8243; _module_preset=&#8221;default&#8221; hover_enabled=&#8221;0&#8243; global_colors_info=&#8221;{}&#8221; sticky_enabled=&#8221;0&#8243;][\/et_pb_image][et_pb_text _builder_version=&#8221;4.22.2&#8243; _module_preset=&#8221;05981288-360a-436b-9d25-b7433cbc002e&#8221; text_orientation=&#8221;center&#8221; link_option_url=&#8221;https:\/\/vuelaalavida.com\/companeros-expertos\/&#8221; link_option_url_new_window=&#8221;on&#8221; global_colors_info=&#8221;{}&#8221;]<\/p>\n<p>Compa\u00f1eros expertos<\/p>\n<p>[\/et_pb_text][\/et_pb_column][et_pb_column type=&#8221;1_3&#8243; _builder_version=&#8221;4.22.0&#8243; _module_preset=&#8221;default&#8221; global_colors_info=&#8221;{}&#8221;][et_pb_image src=&#8221;https:\/\/vuelaalavida.com\/wp-content\/uploads\/2023\/11\/49.jpg&#8221; title_text=&#8221;49&#8243; url=&#8221;https:\/\/vuelaalavida.com\/servicios-que-ofrecemos\/&#8221; url_new_window=&#8221;on&#8221; _builder_version=&#8221;4.23.1&#8243; _module_preset=&#8221;default&#8221; hover_enabled=&#8221;0&#8243; global_colors_info=&#8221;{}&#8221; sticky_enabled=&#8221;0&#8243;][\/et_pb_image][et_pb_text _builder_version=&#8221;4.22.2&#8243; _module_preset=&#8221;05981288-360a-436b-9d25-b7433cbc002e&#8221; text_orientation=&#8221;center&#8221; link_option_url=&#8221;https:\/\/vuelaalavida.com\/servicios-que-ofrecemos\/&#8221; link_option_url_new_window=&#8221;on&#8221; global_colors_info=&#8221;{}&#8221;]<\/p>\n<p>Servicios que ofrecemos<\/p>\n<p>[\/et_pb_text][\/et_pb_column][et_pb_column type=&#8221;1_3&#8243; _builder_version=&#8221;4.22.0&#8243; _module_preset=&#8221;default&#8221; global_colors_info=&#8221;{}&#8221;][et_pb_image src=&#8221;https:\/\/vuelaalavida.com\/wp-content\/uploads\/2023\/11\/50.jpg&#8221; title_text=&#8221;50&#8243; url=&#8221;https:\/\/vuelaalavida.com\/nuestros-proveedores\/&#8221; url_new_window=&#8221;on&#8221; _builder_version=&#8221;4.23.1&#8243; _module_preset=&#8221;default&#8221; hover_enabled=&#8221;0&#8243; global_colors_info=&#8221;{}&#8221; sticky_enabled=&#8221;0&#8243;][\/et_pb_image][et_pb_text _builder_version=&#8221;4.22.2&#8243; _module_preset=&#8221;05981288-360a-436b-9d25-b7433cbc002e&#8221; text_orientation=&#8221;center&#8221; link_option_url=&#8221;https:\/\/vuelaalavida.com\/nuestros-proveedores\/&#8221; link_option_url_new_window=&#8221;on&#8221; global_colors_info=&#8221;{}&#8221;]<\/p>\n<p>Nuestros proveedores<\/p>\n<p>[\/et_pb_text][\/et_pb_column][\/et_pb_row][\/et_pb_section][et_pb_section fb_built=&#8221;1&#8243; _builder_version=&#8221;4.22.2&#8243; _module_preset=&#8221;default&#8221; global_colors_info=&#8221;{}&#8221;][et_pb_row _builder_version=&#8221;4.22.2&#8243; _module_preset=&#8221;default&#8221; global_colors_info=&#8221;{}&#8221;][et_pb_column type=&#8221;4_4&#8243; _builder_version=&#8221;4.22.2&#8243; _module_preset=&#8221;default&#8221; global_colors_info=&#8221;{}&#8221;][et_pb_text _builder_version=&#8221;4.22.2&#8243; _module_preset=&#8221;default&#8221; header_font=&#8221;Roboto|900|||||||&#8221; header_text_color=&#8221;#263876&#8243; header_font_size=&#8221;54px&#8221; global_colors_info=&#8221;{}&#8221;]<\/p>\n<h1 style=\"text-align: center;\">\u00bfES SEGURO?\u00a0<\/h1>\n<p>[\/et_pb_text][et_pb_text _builder_version=&#8221;4.22.2&#8243; _module_preset=&#8221;default&#8221; header_font=&#8221;Roboto||||||||&#8221; header_font_size=&#8221;20px&#8221; global_colors_info=&#8221;{}&#8221;]<\/p>\n<p>\u00a1Totalmente! En Vuela a la Vida nos aseguramos de enviarlos a sitios 100% seguros donde pueden comprar sin preocupaciones; trabajamos con aerol\u00edneas, metabuscadores y agencias de viajes con reconocimiento internacional. Hemos viajado con todos ellos, sabemos c\u00f3mo trabajan y conocemos la calidad de sus productos. No tendr\u00e1s que preocuparte por nada.<\/p>\n<p>&nbsp;<\/p>\n<p>Recuerda que no somos agencia de viajes, somos un puente entre los viajeros y las agencias de viaje; no obstante contamos con<span>\u00a0<\/span><strong>RNT: 04090151690<\/strong><\/p>\n<p>&nbsp;<\/p>\n<p><strong>Si contamos con oficinas<\/strong><span>\u00a0<\/span>en CDMX, ubicadas a un costado de Plaza Sat\u00e9lite, a unos minutos de CDMX. Si quieres visitarnos, env\u00edanos un mensaje directo para agendar. Si eres de otra ciudad, \u00a1no te preocupes!,<span>\u00a0<\/span><strong>nuestro\u00a0servicio est\u00e1 dise\u00f1ado para que compres directo con los proveedores desde cualquier ciudad.\u00a0<\/strong><\/p>\n<p>[\/et_pb_text][\/et_pb_column][\/et_pb_row][\/et_pb_section][et_pb_section fb_built=&#8221;1&#8243; _builder_version=&#8221;4.22.2&#8243; _module_preset=&#8221;default&#8221; global_colors_info=&#8221;{}&#8221;][et_pb_row _builder_version=&#8221;4.22.0&#8243; _module_preset=&#8221;default&#8221; max_width=&#8221;800px&#8221; global_colors_info=&#8221;{}&#8221;][et_pb_column type=&#8221;4_4&#8243; _builder_version=&#8221;4.22.0&#8243; _module_preset=&#8221;default&#8221; global_colors_info=&#8221;{}&#8221;][et_pb_text _builder_version=&#8221;4.22.2&#8243; _module_preset=&#8221;b620f9f0-d78b-4627-ac81-0332068cf8e3&#8243; text_font=&#8221;Roboto|900|||||||&#8221; text_text_color=&#8221;#1c1c3a&#8221; text_font_size=&#8221;32px&#8221; header_font=&#8221;Roboto|900|||||||&#8221; header_text_color=&#8221;#263876&#8243; header_font_size=&#8221;54px&#8221; header_2_font=&#8221;Roboto|500|||||||&#8221; header_2_text_color=&#8221;#1c1c3a&#8221; header_2_font_size=&#8221;32px&#8221; text_orientation=&#8221;center&#8221; custom_margin=&#8221;||10px||false|false&#8221; global_colors_info=&#8221;{}&#8221;]<\/p>\n<h1>\u00bfA\u00fan tienes dudas?<\/h1>\n<p>[\/et_pb_text][et_pb_text _builder_version=&#8221;4.22.2&#8243; _module_preset=&#8221;bb85ee57-f6aa-436d-9f29-538925c0bc4a&#8221; text_font=&#8221;Roboto||||||||&#8221; text_text_color=&#8221;#FFFFFF&#8221; text_font_size=&#8221;20px&#8221; header_font=&#8221;Roboto||||||||&#8221; header_font_size=&#8221;20px&#8221; text_orientation=&#8221;center&#8221; global_colors_info=&#8221;{}&#8221;]<\/p>\n<p><span style=\"color: #000000;\">Por el momento, nuestro servicio al cliente es v\u00eda online, de ese modo podemos ofrecerles las mejores tarifas, ya que no cubrimos gastos adicionales.\u00a0<\/span><span style=\"color: #000000;\">Cualquier duda, aclaraci\u00f3n o comentario puedes hacerlo v\u00eda mail o por mensaje directo en Facebook o Instagram<\/span><b>.\u00a0<\/b><\/p>\n<p>[\/et_pb_text][et_pb_button button_url=&#8221;http:\/\/m.me\/vuelaalavida&#8221; url_new_window=&#8221;on&#8221; button_text=&#8221;Messenger&#8221; button_alignment=&#8221;center&#8221; _builder_version=&#8221;4.22.2&#8243; _module_preset=&#8221;0f8f08d0-889d-4554-8196-73a0be6d8e8c&#8221; button_text_size=&#8221;18px&#8221; button_text_color=&#8221;#189cd9&#8243; button_font=&#8221;Roboto|500|||||||&#8221; global_colors_info=&#8221;{}&#8221;][\/et_pb_button][\/et_pb_column][\/et_pb_row][\/et_pb_section][et_pb_section fb_built=&#8221;1&#8243; admin_label=&#8221;Testimonials&#8221; _builder_version=&#8221;4.22.2&#8243; _module_preset=&#8221;default&#8221; background_color=&#8221;RGBA(255,255,255,0)&#8221; collapsed=&#8221;on&#8221; global_colors_info=&#8221;{}&#8221;][et_pb_row _builder_version=&#8221;4.22.0&#8243; _module_preset=&#8221;default&#8221; global_colors_info=&#8221;{}&#8221;][et_pb_column type=&#8221;4_4&#8243; _builder_version=&#8221;4.22.0&#8243; _module_preset=&#8221;default&#8221; global_colors_info=&#8221;{}&#8221;][et_pb_text _builder_version=&#8221;4.22.2&#8243; _module_preset=&#8221;187bb681-36f0-4898-aa3f-1cfcd2dc7634&#8243; header_font=&#8221;Roboto|900|||||||&#8221; header_text_color=&#8221;#263876&#8243; header_font_size=&#8221;54px&#8221; text_orientation=&#8221;center&#8221; global_colors_info=&#8221;{}&#8221;]<\/p>\n<h1>Testimonios<\/h1>\n<p>[\/et_pb_text][\/et_pb_column][\/et_pb_row][et_pb_row _builder_version=&#8221;4.22.2&#8243; _module_preset=&#8221;default&#8221; global_colors_info=&#8221;{}&#8221;][et_pb_column type=&#8221;4_4&#8243; _builder_version=&#8221;4.22.0&#8243; _module_preset=&#8221;default&#8221; global_colors_info=&#8221;{}&#8221;][et_pb_text _builder_version=&#8221;4.22.2&#8243; _module_preset=&#8221;default&#8221; global_colors_info=&#8221;{}&#8221;]<\/p>\n<h3 style=\"text-align: center;\"><strong>Cientos de viajeros han confiado en nuestro trabajo para su pr\u00f3ximo viaje y han tenido experiencias inolvidables<\/strong><\/h3>\n<p>[\/et_pb_text][\/et_pb_column][\/et_pb_row][et_pb_row _builder_version=&#8221;4.22.2&#8243; _module_preset=&#8221;default&#8221; global_colors_info=&#8221;{}&#8221;][et_pb_column type=&#8221;4_4&#8243; _builder_version=&#8221;4.22.2&#8243; _module_preset=&#8221;default&#8221; global_colors_info=&#8221;{}&#8221;][et_pb_gallery gallery_ids=&#8221;145512,145511,115773,115772,115770,106312,106313,106314,106315,106306,106311,110810&#8243; show_title_and_caption=&#8221;off&#8221; show_pagination=&#8221;off&#8221; _builder_version=&#8221;4.22.2&#8243; _module_preset=&#8221;default&#8221; border_radii_image=&#8221;on|15px|15px|15px|15px&#8221; global_colors_info=&#8221;{}&#8221;][\/et_pb_gallery][\/et_pb_column][\/et_pb_row][et_pb_row _builder_version=&#8221;4.22.0&#8243; _module_preset=&#8221;default&#8221; max_width=&#8221;700px&#8221; global_colors_info=&#8221;{}&#8221;][et_pb_column type=&#8221;4_4&#8243; _builder_version=&#8221;4.22.0&#8243; _module_preset=&#8221;default&#8221; global_colors_info=&#8221;{}&#8221;][et_pb_text _builder_version=&#8221;4.22.2&#8243; _module_preset=&#8221;187bb681-36f0-4898-aa3f-1cfcd2dc7634&#8243; header_font=&#8221;Roboto|900|||||||&#8221; header_text_color=&#8221;#263876&#8243; header_font_size=&#8221;54px&#8221; text_orientation=&#8221;center&#8221; custom_margin=&#8221;||10px||false|false&#8221; global_colors_info=&#8221;{}&#8221;]<\/p>\n<h1><span>\u00a1Suscr\u00edbete!<\/span><\/h1>\n<p>[\/et_pb_text][et_pb_text _builder_version=&#8221;4.22.2&#8243; _module_preset=&#8221;187bb681-36f0-4898-aa3f-1cfcd2dc7634&#8243; text_font_size=&#8221;20px&#8221; header_font_size=&#8221;20px&#8221; text_orientation=&#8221;center&#8221; custom_margin=&#8221;||10px||false|false&#8221; global_colors_info=&#8221;{}&#8221;]<\/p>\n<p style=\"text-align: center;\"><span>A nuestro bolet\u00edn no te perder\u00e1s ninguna de las promos de locura que lanzamos d\u00eda con d\u00eda.\u00a0<\/span><\/p>\n<p>[\/et_pb_text][et_pb_signup mailchimp_list=&#8221;undefined|elegantthemestest|1ea2bbd026&#8243; first_name_field=&#8221;off&#8221; last_name_field=&#8221;off&#8221; button_text=&#8221;Bolet\u00edn&#8221; _builder_version=&#8221;4.22.2&#8243; _module_preset=&#8221;60085522-a151-4cec-af77-c6c2b13dfa28&#8243; locked=&#8221;off&#8221; global_colors_info=&#8221;{}&#8221;][\/et_pb_signup][\/et_pb_column][\/et_pb_row][\/et_pb_section][et_pb_section fb_built=&#8221;1&#8243; admin_label=&#8221;Footer Copyright&#8221; _builder_version=&#8221;4.22.0&#8243; _module_preset=&#8221;default&#8221; background_color=&#8221;#000000&#8243; custom_padding=&#8221;0px||0px||true|false&#8221; saved_tabs=&#8221;all&#8221; collapsed=&#8221;on&#8221; global_colors_info=&#8221;{}&#8221;][et_pb_row _builder_version=&#8221;4.22.0&#8243; _module_preset=&#8221;default&#8221; global_colors_info=&#8221;{}&#8221;][et_pb_column type=&#8221;4_4&#8243; _builder_version=&#8221;4.22.0&#8243; _module_preset=&#8221;default&#8221; global_colors_info=&#8221;{}&#8221;][et_pb_text _builder_version=&#8221;4.22.0&#8243; _dynamic_attributes=&#8221;content&#8221; _module_preset=&#8221;bb85ee57-f6aa-436d-9f29-538925c0bc4a&#8221; text_orientation=&#8221;center&#8221; global_colors_info=&#8221;{}&#8221;]@ET-DC@eyJkeW5hbWljIjp0cnVlLCJjb250ZW50IjoiY3VycmVudF9kYXRlIiwic2V0dGluZ3MiOnsiYmVmb3JlIjoiQ29weXJpZ2h0ICZjb3B5OyAiLCJhZnRlciI6IiBEaXZpLiBBbGwgUmlnaHRzIFJlc2VydmVkLiIsImRhdGVfZm9ybWF0IjoiY3VzdG9tIiwiY3VzdG9tX2RhdGVfZm9ybWF0IjoiWSJ9fQ==@[\/et_pb_text][\/et_pb_column][\/et_pb_row][\/et_pb_section]<\/p>\n","protected":false},"excerpt":{"rendered":"<p>\u00bfQui\u00e9nes somos?En Vuela a la Vida somos expertos en encontrar las mejores ofertas de viaje, para que t\u00fa compres al mejor precio. En este blog te platicamos m\u00e1s de nosotros.Compa\u00f1eros expertosServicios que ofrecemosNuestros proveedores\u00bfES SEGURO?\u00a0\u00a1Totalmente! En Vuela a la Vida nos aseguramos de enviarlos a sitios 100% seguros donde pueden comprar sin preocupaciones; trabajamos con [&hellip;]<\/p>\n","protected":false},"author":3026,"featured_media":0,"parent":0,"menu_order":0,"comment_status":"closed","ping_status":"closed","template":"","meta":{"_acf_changed":false,"_et_pb_use_builder":"on","_et_pb_old_content":"","_et_gb_content_width":"","inline_featured_image":false,"footnotes":""},"difl_page_category":[],"class_list":["post-281124","page","type-page","status-publish","hentry"],"acf":[],"publishpress_future_action":{"enabled":false,"date":"2026-05-20 11:04:19","action":"change-status","newStatus":"draft","terms":[],"taxonomy":"difl_page_category","extraData":[]},"publishpress_future_workflow_manual_trigger":{"enabledWorkflows":[]},"_links":{"self":[{"href":"https:\/\/vuelaalavida.com\/us\/wp-json\/wp\/v2\/pages\/281124","targetHints":{"allow":["GET"]}}],"collection":[{"href":"https:\/\/vuelaalavida.com\/us\/wp-json\/wp\/v2\/pages"}],"about":[{"href":"https:\/\/vuelaalavida.com\/us\/wp-json\/wp\/v2\/types\/page"}],"author":[{"embeddable":true,"href":"https:\/\/vuelaalavida.com\/us\/wp-json\/wp\/v2\/users\/3026"}],"replies":[{"embeddable":true,"href":"https:\/\/vuelaalavida.com\/us\/wp-json\/wp\/v2\/comments?post=281124"}],"version-history":[{"count":0,"href":"https:\/\/vuelaalavida.com\/us\/wp-json\/wp\/v2\/pages\/281124\/revisions"}],"wp:attachment":[{"href":"https:\/\/vuelaalavida.com\/us\/wp-json\/wp\/v2\/media?parent=281124"}],"wp:term":[{"taxonomy":"difl_page_category","embeddable":true,"href":"https:\/\/vuelaalavida.com\/us\/wp-json\/wp\/v2\/difl_page_category?post=281124"}],"curies":[{"name":"wp","href":"https:\/\/api.w.org\/{rel}","templated":true}]}}